{"id":36,"date":"2021-01-29T10:54:12","date_gmt":"2021-01-29T09:54:12","guid":{"rendered":"http:\/\/xn--landsteiner-mhle-vzb.de\/shop\/bezahlmoeglichkeiten\/"},"modified":"2024-08-12T17:29:23","modified_gmt":"2024-08-12T15:29:23","slug":"bezahlmoeglichkeiten","status":"publish","type":"page","link":"https:\/\/peter-hess-muehle.de\/shop\/bezahlmoeglichkeiten\/","title":{"rendered":"Zahlungsarten"},"content":{"rendered":"<p>[et_pb_section fb_built=&#8220;1&#8243; _builder_version=&#8220;4.16&#8243; global_colors_info=&#8220;{}&#8220;][et_pb_row _builder_version=&#8220;4.16&#8243; background_size=&#8220;initial&#8220; background_position=&#8220;top_left&#8220; background_repeat=&#8220;repeat&#8220; global_colors_info=&#8220;{}&#8220;][et_pb_column type=&#8220;4_4&#8243; _builder_version=&#8220;4.16&#8243; custom_padding=&#8220;|||&#8220; global_colors_info=&#8220;{}&#8220; custom_padding__hover=&#8220;|||&#8220;][et_pb_text _builder_version=&#8220;4.25.2&#8243; _module_preset=&#8220;default&#8220; text_font=&#8220;Open Sans||||||||&#8220; text_text_color=&#8220;#AE9D75&#8243; text_font_size=&#8220;20px&#8220; header_2_font=&#8220;Satisfy|600|||||||&#8220; header_2_text_align=&#8220;center&#8220; header_2_font_size=&#8220;40px&#8220; border_width_bottom=&#8220;1px&#8220; border_color_bottom=&#8220;#AE9D75&#8243; global_colors_info=&#8220;{}&#8220;]<\/p>\n<h2>Zahlungsarten<\/h2>\n<p>[\/et_pb_text][et_pb_text _builder_version=&#8220;4.25.2&#8243; _module_preset=&#8220;default&#8220; text_font=&#8220;Open Sans|700||on|||||&#8220; text_text_color=&#8220;#AE9D75&#8243; text_font_size=&#8220;20px&#8220; border_width_bottom=&#8220;1px&#8220; border_color_bottom=&#8220;#D0513A&#8220; global_colors_info=&#8220;{}&#8220;]<\/p>\n<p>Der Versand Ihrer Bestellung erfolgt umgehend nach Eingang der Zahlung. Sobald Ihre Zahlung eingegangen ist, wird die Ware auf Basis der Auftragsbest\u00e4tigung versandt.<\/p>\n<p>Zahlungsm\u00f6glichkeit:<\/p>\n<p>Bank\u00fcberweisung<\/p>\n<p>[\/et_pb_text][et_pb_text _builder_version=&#8220;4.25.2&#8243; background_size=&#8220;initial&#8220; background_position=&#8220;top_left&#8220; background_repeat=&#8220;repeat&#8220; hover_enabled=&#8220;0&#8243; global_colors_info=&#8220;{}&#8220; sticky_enabled=&#8220;0&#8243;]<\/p>\n<p>Mit Versendung der Ware erhalten Sie Ihre Rechnung<\/p>\n<p>[\/et_pb_text][\/et_pb_column][\/et_pb_row][\/et_pb_section]<\/p>\n","protected":false},"excerpt":{"rendered":"<p>ZahlungsartenDer Versand Ihrer Bestellung erfolgt umgehend nach Eingang der Zahlung. Sobald Ihre Zahlung eingegangen ist, wird die Ware auf Basis der Auftragsbest\u00e4tigung versandt. Zahlungsm\u00f6glichkeit: Bank\u00fcberweisungMit Versendung der Ware erhalten Sie Ihre Rechnung<\/p>\n","protected":false},"author":1,"featured_media":0,"parent":0,"menu_order":0,"comment_status":"closed","ping_status":"closed","template":"","meta":{"_et_pb_use_builder":"on","_et_pb_old_content":"[payment_methods_info]","_et_gb_content_width":"","footnotes":""},"class_list":["post-36","page","type-page","status-publish","hentry"],"_links":{"self":[{"href":"https:\/\/peter-hess-muehle.de\/shop\/wp-json\/wp\/v2\/pages\/36","targetHints":{"allow":["GET"]}}],"collection":[{"href":"https:\/\/peter-hess-muehle.de\/shop\/wp-json\/wp\/v2\/pages"}],"about":[{"href":"https:\/\/peter-hess-muehle.de\/shop\/wp-json\/wp\/v2\/types\/page"}],"author":[{"embeddable":true,"href":"https:\/\/peter-hess-muehle.de\/shop\/wp-json\/wp\/v2\/users\/1"}],"replies":[{"embeddable":true,"href":"https:\/\/peter-hess-muehle.de\/shop\/wp-json\/wp\/v2\/comments?post=36"}],"version-history":[{"count":8,"href":"https:\/\/peter-hess-muehle.de\/shop\/wp-json\/wp\/v2\/pages\/36\/revisions"}],"predecessor-version":[{"id":6622,"href":"https:\/\/peter-hess-muehle.de\/shop\/wp-json\/wp\/v2\/pages\/36\/revisions\/6622"}],"wp:attachment":[{"href":"https:\/\/peter-hess-muehle.de\/shop\/wp-json\/wp\/v2\/media?parent=36"}],"curies":[{"name":"wp","href":"https:\/\/api.w.org\/{rel}","templated":true}]}}