{"id":1002,"date":"2021-04-05T22:57:54","date_gmt":"2021-04-05T20:57:54","guid":{"rendered":"https:\/\/peter-hess-muehle.de\/shop\/produkt\/bolo-gr-beckenschalphks9-su2\/"},"modified":"2025-02-11T19:27:31","modified_gmt":"2025-02-11T18:27:31","slug":"bolo-gr-beckenschalphks9-su2","status":"publish","type":"product","link":"https:\/\/peter-hess-muehle.de\/shop\/produkt\/bolo-gr-beckenschalphks9-su2\/","title":{"rendered":"Gro\u00dfe Beckenschale mit Lochausschnitt (Bolo)"},"content":{"rendered":"<p><strong>Diese Klangschale bietet mit ihren tiefen T\u00f6nen Entspannung f\u00fcr den unteren R\u00fccken und den Beckenbereich. Die gro\u00dfe Beckenschale ist in der Klangintensit\u00e4t st\u00e4rker als die kleine Beckenschale und wird f\u00fcr den professionellen Einsatz bevorzugt.<\/strong><\/p>\n","protected":false},"excerpt":{"rendered":"<p><strong><br \/>\nTherapie Klangschale <\/strong><strong>Bolo Spezial-Klangschale<\/strong><strong> (phKS9-SU2)<\/strong><\/p>\n<p><span style=\"font-size: 16px;\">Gewicht ca.: 2050 g<br \/>\n\u00d8 ca.: 28,5 cm<br \/>\nH\u00f6he ca.: 11-12,5 cm <\/span><\/p>\n","protected":false},"featured_media":3138,"template":"","meta":{"_et_pb_use_builder":"","_et_pb_old_content":"","_et_gb_content_width":""},"product_brand":[],"product_cat":[52,93,94],"product_tag":[],"class_list":{"0":"post-1002","1":"product","2":"type-product","3":"status-publish","4":"has-post-thumbnail","6":"product_cat-peter-hess-therapieklangschale","7":"product_cat-peter-hess-products-bolo-klangschalen","8":"product_cat-peter-hess-spezial-klangschalen","10":"first","11":"instock","12":"taxable","13":"shipping-taxable","14":"purchasable","15":"product-type-simple"},"_links":{"self":[{"href":"https:\/\/peter-hess-muehle.de\/shop\/wp-json\/wp\/v2\/product\/1002","targetHints":{"allow":["GET"]}}],"collection":[{"href":"https:\/\/peter-hess-muehle.de\/shop\/wp-json\/wp\/v2\/product"}],"about":[{"href":"https:\/\/peter-hess-muehle.de\/shop\/wp-json\/wp\/v2\/types\/product"}],"wp:featuredmedia":[{"embeddable":true,"href":"https:\/\/peter-hess-muehle.de\/shop\/wp-json\/wp\/v2\/media\/3138"}],"wp:attachment":[{"href":"https:\/\/peter-hess-muehle.de\/shop\/wp-json\/wp\/v2\/media?parent=1002"}],"wp:term":[{"taxonomy":"product_brand","embeddable":true,"href":"https:\/\/peter-hess-muehle.de\/shop\/wp-json\/wp\/v2\/product_brand?post=1002"},{"taxonomy":"product_cat","embeddable":true,"href":"https:\/\/peter-hess-muehle.de\/shop\/wp-json\/wp\/v2\/product_cat?post=1002"},{"taxonomy":"product_tag","embeddable":true,"href":"https:\/\/peter-hess-muehle.de\/shop\/wp-json\/wp\/v2\/product_tag?post=1002"}],"curies":[{"name":"wp","href":"https:\/\/api.w.org\/{rel}","templated":true}]}}