{"id":1005,"date":"2021-04-05T23:22:11","date_gmt":"2021-04-05T21:22:11","guid":{"rendered":"https:\/\/peter-hess-muehle.de\/shop\/produkt\/kehlkopf-spphks9-kk-goe\/"},"modified":"2025-02-11T19:38:18","modified_gmt":"2025-02-11T18:38:18","slug":"kehlkopf-spphks9-kk-goe","status":"publish","type":"product","link":"https:\/\/peter-hess-muehle.de\/shop\/produkt\/kehlkopf-spphks9-kk-goe\/","title":{"rendered":"Kehlkopfschale mit Griff &#038; \u00d6se"},"content":{"rendered":"<p>Kehlkopf Spezial Klangschale (incl.Griff &amp; Aufh\u00e4nge\u00f6se)<br \/>\nPeter Hess\u00ae Therapie Klangschale(phKS9-KK\/G\u00d6)<br \/>\nDie Kehlkopfschale steht aufgrund ihrer Schmiedeform sicherer und leichter auf dem stimm und lautbildenden K\u00f6rperbereich als z.B. Die gro\u00dfe oder kleine Herzschale. Die intensiven, entspannenden Schwingungen gehen bei dieser Klangschale st\u00e4rker auch nach innen.<\/p>\n","protected":false},"excerpt":{"rendered":"<p>Gewicht ca.: 0,68 kg<br \/>\nH\u00f6he: 6,5 cm<br \/>\n\u00d8: ca.17 cm<\/p>\n","protected":false},"featured_media":3142,"template":"","meta":{"_et_pb_use_builder":"","_et_pb_old_content":"","_et_gb_content_width":""},"product_brand":[],"product_cat":[52,94],"product_tag":[],"class_list":{"0":"post-1005","1":"product","2":"type-product","3":"status-publish","4":"has-post-thumbnail","6":"product_cat-peter-hess-therapieklangschale","7":"product_cat-peter-hess-spezial-klangschalen","9":"first","10":"instock","11":"taxable","12":"shipping-taxable","13":"purchasable","14":"product-type-simple"},"_links":{"self":[{"href":"https:\/\/peter-hess-muehle.de\/shop\/wp-json\/wp\/v2\/product\/1005","targetHints":{"allow":["GET"]}}],"collection":[{"href":"https:\/\/peter-hess-muehle.de\/shop\/wp-json\/wp\/v2\/product"}],"about":[{"href":"https:\/\/peter-hess-muehle.de\/shop\/wp-json\/wp\/v2\/types\/product"}],"wp:featuredmedia":[{"embeddable":true,"href":"https:\/\/peter-hess-muehle.de\/shop\/wp-json\/wp\/v2\/media\/3142"}],"wp:attachment":[{"href":"https:\/\/peter-hess-muehle.de\/shop\/wp-json\/wp\/v2\/media?parent=1005"}],"wp:term":[{"taxonomy":"product_brand","embeddable":true,"href":"https:\/\/peter-hess-muehle.de\/shop\/wp-json\/wp\/v2\/product_brand?post=1005"},{"taxonomy":"product_cat","embeddable":true,"href":"https:\/\/peter-hess-muehle.de\/shop\/wp-json\/wp\/v2\/product_cat?post=1005"},{"taxonomy":"product_tag","embeddable":true,"href":"https:\/\/peter-hess-muehle.de\/shop\/wp-json\/wp\/v2\/product_tag?post=1005"}],"curies":[{"name":"wp","href":"https:\/\/api.w.org\/{rel}","templated":true}]}}