{"id":1014,"date":"2021-04-06T21:12:34","date_gmt":"2021-04-06T19:12:34","guid":{"rendered":"https:\/\/peter-hess-muehle.de\/shop\/produkt\/herzschale-gr-spphks9-o2-goe\/"},"modified":"2025-02-11T19:38:43","modified_gmt":"2025-02-11T18:38:43","slug":"herzschale-gr-spphks9-o2-goe","status":"publish","type":"product","link":"https:\/\/peter-hess-muehle.de\/shop\/produkt\/herzschale-gr-spphks9-o2-goe\/","title":{"rendered":"Gro\u00dfe Herzschale mit Griff &#038; \u00d6se"},"content":{"rendered":"<p>Die Frequenzen dieser Klangschale sprechen vor allem den oberen K\u00f6rperbereich an.<\/p>\n<p>Die gro\u00dfe Herzschale wurde f\u00fcr die professionelle Anwendung entwickelt und kommt im Bereich des Herzens, des Halsansatzes und der Schulterbl\u00e4tter zum Einsatz.<\/p>\n","protected":false},"excerpt":{"rendered":"<p>Gewicht ca.: 1,48 kg<br \/>\nH\u00f6he: 8,5 cm<br \/>\n\u00d8: ca. 21-22 cm<\/p>\n","protected":false},"featured_media":3142,"template":"","meta":{"_et_pb_use_builder":"","_et_pb_old_content":"","_et_gb_content_width":""},"product_brand":[],"product_cat":[52,94],"product_tag":[],"class_list":{"0":"post-1014","1":"product","2":"type-product","3":"status-publish","4":"has-post-thumbnail","6":"product_cat-peter-hess-therapieklangschale","7":"product_cat-peter-hess-spezial-klangschalen","9":"first","10":"instock","11":"taxable","12":"shipping-taxable","13":"purchasable","14":"product-type-simple"},"_links":{"self":[{"href":"https:\/\/peter-hess-muehle.de\/shop\/wp-json\/wp\/v2\/product\/1014","targetHints":{"allow":["GET"]}}],"collection":[{"href":"https:\/\/peter-hess-muehle.de\/shop\/wp-json\/wp\/v2\/product"}],"about":[{"href":"https:\/\/peter-hess-muehle.de\/shop\/wp-json\/wp\/v2\/types\/product"}],"wp:featuredmedia":[{"embeddable":true,"href":"https:\/\/peter-hess-muehle.de\/shop\/wp-json\/wp\/v2\/media\/3142"}],"wp:attachment":[{"href":"https:\/\/peter-hess-muehle.de\/shop\/wp-json\/wp\/v2\/media?parent=1014"}],"wp:term":[{"taxonomy":"product_brand","embeddable":true,"href":"https:\/\/peter-hess-muehle.de\/shop\/wp-json\/wp\/v2\/product_brand?post=1014"},{"taxonomy":"product_cat","embeddable":true,"href":"https:\/\/peter-hess-muehle.de\/shop\/wp-json\/wp\/v2\/product_cat?post=1014"},{"taxonomy":"product_tag","embeddable":true,"href":"https:\/\/peter-hess-muehle.de\/shop\/wp-json\/wp\/v2\/product_tag?post=1014"}],"curies":[{"name":"wp","href":"https:\/\/api.w.org\/{rel}","templated":true}]}}