{"id":1018,"date":"2021-04-06T21:44:33","date_gmt":"2021-04-06T19:44:33","guid":{"rendered":"https:\/\/peter-hess-muehle.de\/shop\/produkt\/beckenschale-kl-phks9-u1-goe\/"},"modified":"2025-02-11T19:39:57","modified_gmt":"2025-02-11T18:39:57","slug":"beckenschale-kl-phks9-u1-goe","status":"publish","type":"product","link":"https:\/\/peter-hess-muehle.de\/shop\/produkt\/beckenschale-kl-phks9-u1-goe\/","title":{"rendered":"Kleine Beckenschale mit Griff &#038; \u00d6se"},"content":{"rendered":"<p>Kleine Beckenschale Spezial Klangschale (incl.Griff &amp; Aufh\u00e4nge\u00f6se)<br \/>\nPeter Hess\u00ae\u00a0 Therapie Klangschale(phKS9-U1\/G\u00d6)<br \/>\nDiese Klangschale bietet ein Klangangebot vom Solarplexus bis zum Unterleib, das sich durch verschiedene Schl\u00e4gel variieren l\u00e4sst. Besonders gut f\u00fcr die Klangmassage bei Kindern und Jugendlichen geeignet.<\/p>\n","protected":false},"excerpt":{"rendered":"<p>Gewicht ca.: 1,68 kg<br \/>\nH\u00f6he: 10 cm<br \/>\n\u00d8: ca. 25,5 cm<\/p>\n","protected":false},"featured_media":3142,"template":"","meta":{"_et_pb_use_builder":"","_et_pb_old_content":"","_et_gb_content_width":""},"product_brand":[],"product_cat":[52,94],"product_tag":[],"class_list":{"0":"post-1018","1":"product","2":"type-product","3":"status-publish","4":"has-post-thumbnail","6":"product_cat-peter-hess-therapieklangschale","7":"product_cat-peter-hess-spezial-klangschalen","9":"first","10":"instock","11":"taxable","12":"shipping-taxable","13":"purchasable","14":"product-type-simple"},"_links":{"self":[{"href":"https:\/\/peter-hess-muehle.de\/shop\/wp-json\/wp\/v2\/product\/1018","targetHints":{"allow":["GET"]}}],"collection":[{"href":"https:\/\/peter-hess-muehle.de\/shop\/wp-json\/wp\/v2\/product"}],"about":[{"href":"https:\/\/peter-hess-muehle.de\/shop\/wp-json\/wp\/v2\/types\/product"}],"wp:featuredmedia":[{"embeddable":true,"href":"https:\/\/peter-hess-muehle.de\/shop\/wp-json\/wp\/v2\/media\/3142"}],"wp:attachment":[{"href":"https:\/\/peter-hess-muehle.de\/shop\/wp-json\/wp\/v2\/media?parent=1018"}],"wp:term":[{"taxonomy":"product_brand","embeddable":true,"href":"https:\/\/peter-hess-muehle.de\/shop\/wp-json\/wp\/v2\/product_brand?post=1018"},{"taxonomy":"product_cat","embeddable":true,"href":"https:\/\/peter-hess-muehle.de\/shop\/wp-json\/wp\/v2\/product_cat?post=1018"},{"taxonomy":"product_tag","embeddable":true,"href":"https:\/\/peter-hess-muehle.de\/shop\/wp-json\/wp\/v2\/product_tag?post=1018"}],"curies":[{"name":"wp","href":"https:\/\/api.w.org\/{rel}","templated":true}]}}