{"id":1022,"date":"2021-04-06T22:21:15","date_gmt":"2021-04-06T20:21:15","guid":{"rendered":"https:\/\/peter-hess-muehle.de\/shop\/produkt\/ph-goe-zubehoer-kein-rabatt\/"},"modified":"2025-08-29T09:24:43","modified_gmt":"2025-08-29T07:24:43","slug":"ph-goe-zubehoer-kein-rabatt","status":"publish","type":"product","link":"https:\/\/peter-hess-muehle.de\/shop\/produkt\/ph-goe-zubehoer-kein-rabatt\/","title":{"rendered":"Set: Griff+\u00d6se f\u00fcr Spezialklangschalen"},"content":{"rendered":"<p><strong>Zubeh\u00f6r Griff und \u00d6se f\u00fcr Spezialklangschalen. Durch eine spezielle Bohrung kann an der Klangschale der Griff (innen und au\u00dfen) oder auch eine Aufh\u00e4nge\u00f6se angeschraubt werden. Dadurch kann die Spezialklangschale absolut sicher vertikal und horizontal gef\u00fchrt werden und so auch z.b. in der Behindertenarbeit eingesetzt werden. <\/strong><\/p>\n","protected":false},"excerpt":{"rendered":"<p><strong>ph-G\u00d6-Zubeh\u00f6r <\/strong><\/p>\n<p><span style=\"font-size: 16px;\">Gewicht: ca. 0,19 kg <\/span><\/p>\n","protected":false},"featured_media":0,"template":"","meta":{"_et_pb_use_builder":"","_et_pb_old_content":"","_et_gb_content_width":""},"product_brand":[],"product_cat":[52,94],"product_tag":[],"class_list":{"0":"post-1022","1":"product","2":"type-product","3":"status-publish","5":"product_cat-peter-hess-therapieklangschale","6":"product_cat-peter-hess-spezial-klangschalen","8":"first","9":"instock","10":"taxable","11":"shipping-taxable","12":"purchasable","13":"product-type-simple"},"_links":{"self":[{"href":"https:\/\/peter-hess-muehle.de\/shop\/wp-json\/wp\/v2\/product\/1022","targetHints":{"allow":["GET"]}}],"collection":[{"href":"https:\/\/peter-hess-muehle.de\/shop\/wp-json\/wp\/v2\/product"}],"about":[{"href":"https:\/\/peter-hess-muehle.de\/shop\/wp-json\/wp\/v2\/types\/product"}],"wp:attachment":[{"href":"https:\/\/peter-hess-muehle.de\/shop\/wp-json\/wp\/v2\/media?parent=1022"}],"wp:term":[{"taxonomy":"product_brand","embeddable":true,"href":"https:\/\/peter-hess-muehle.de\/shop\/wp-json\/wp\/v2\/product_brand?post=1022"},{"taxonomy":"product_cat","embeddable":true,"href":"https:\/\/peter-hess-muehle.de\/shop\/wp-json\/wp\/v2\/product_cat?post=1022"},{"taxonomy":"product_tag","embeddable":true,"href":"https:\/\/peter-hess-muehle.de\/shop\/wp-json\/wp\/v2\/product_tag?post=1022"}],"curies":[{"name":"wp","href":"https:\/\/api.w.org\/{rel}","templated":true}]}}