{"id":1032,"date":"2021-04-08T20:30:50","date_gmt":"2021-04-08T18:30:50","guid":{"rendered":"https:\/\/peter-hess-muehle.de\/shop\/produkt\/assam-10-phksa-10\/"},"modified":"2024-03-06T10:28:23","modified_gmt":"2024-03-06T09:28:23","slug":"assam-10-phksa-10","status":"publish","type":"product","link":"https:\/\/peter-hess-muehle.de\/shop\/produkt\/assam-10-phksa-10\/","title":{"rendered":"Peter Hess\u00aeAssam Klangschale \u00d810 cm"},"content":{"rendered":"<p><strong>Diese Klangschalen werden insbesondere f\u00fcr den Kopfbereich und die oberen Chakren verwendet und \u00fcberall dort, wo Aufmerksamkeit hingeleitet werden soll. Sie haben einen klaren, offenen Ton.<\/strong><\/p>\n<p>Bei den Assam Klangschalen handelt es sich um gegossene Schalen,<br \/>\ndie anschlie\u00dfend maschinell bearbeitet werden. Sie werden aus einer hochwertigen Metalllegierung hergestellt.<\/p>\n<p>Im Vergleich zu den Zen Klangschalen ist der klare Ton der Assam Klangschalen<br \/>\noffener und weiter, bedingt durch die Form.<\/p>\n<p>Diese Klangschalen sind etwas empfindlicher und k\u00f6nnen sogar brechen, wenn sie z.B. auf einen Steinboden fallen.<\/p>\n","protected":false},"excerpt":{"rendered":"<p><strong>Assam-Klangschale 10 (phKSA-10)<\/strong><\/p>\n<p><span style=\"font-size: 16px;\">Gewicht: 0,14 kg<br \/>\n\u00d8 ca.: 9,5 cm<br \/>\nH\u00f6he ca.: 3,5 cm<\/span><\/p>\n","protected":false},"featured_media":4556,"template":"","meta":{"_et_pb_use_builder":"","_et_pb_old_content":"","_et_gb_content_width":""},"product_brand":[],"product_cat":[52,61],"product_tag":[],"class_list":{"0":"post-1032","1":"product","2":"type-product","3":"status-publish","4":"has-post-thumbnail","6":"product_cat-peter-hess-therapieklangschale","7":"product_cat-assam-zen-zimbeln","9":"first","10":"instock","11":"taxable","12":"shipping-taxable","13":"purchasable","14":"product-type-simple"},"_links":{"self":[{"href":"https:\/\/peter-hess-muehle.de\/shop\/wp-json\/wp\/v2\/product\/1032","targetHints":{"allow":["GET"]}}],"collection":[{"href":"https:\/\/peter-hess-muehle.de\/shop\/wp-json\/wp\/v2\/product"}],"about":[{"href":"https:\/\/peter-hess-muehle.de\/shop\/wp-json\/wp\/v2\/types\/product"}],"wp:featuredmedia":[{"embeddable":true,"href":"https:\/\/peter-hess-muehle.de\/shop\/wp-json\/wp\/v2\/media\/4556"}],"wp:attachment":[{"href":"https:\/\/peter-hess-muehle.de\/shop\/wp-json\/wp\/v2\/media?parent=1032"}],"wp:term":[{"taxonomy":"product_brand","embeddable":true,"href":"https:\/\/peter-hess-muehle.de\/shop\/wp-json\/wp\/v2\/product_brand?post=1032"},{"taxonomy":"product_cat","embeddable":true,"href":"https:\/\/peter-hess-muehle.de\/shop\/wp-json\/wp\/v2\/product_cat?post=1032"},{"taxonomy":"product_tag","embeddable":true,"href":"https:\/\/peter-hess-muehle.de\/shop\/wp-json\/wp\/v2\/product_tag?post=1032"}],"curies":[{"name":"wp","href":"https:\/\/api.w.org\/{rel}","templated":true}]}}