{"id":1047,"date":"2021-04-08T21:40:53","date_gmt":"2021-04-08T19:40:53","guid":{"rendered":"https:\/\/peter-hess-muehle.de\/shop\/produkt\/zen-09-phksz-9\/"},"modified":"2023-01-22T11:48:21","modified_gmt":"2023-01-22T10:48:21","slug":"zen-09-phksz-9","status":"publish","type":"product","link":"https:\/\/peter-hess-muehle.de\/shop\/produkt\/zen-09-phksz-9\/","title":{"rendered":"Peter Hess\u00aeZen Klangschale \u00d8 9 cm"},"content":{"rendered":"<p><strong>Diese Klangschalen haben eine ganz klare und zentrierte Klangqualit\u00e4t. Sie werden vor allem f\u00fcr den Kopfbereich eingesetzt und \u00fcberall dort, wo Aufmerksamkeit hingeleitet werden soll. Sie sind auch wunderbar zum Einleiten und Ausleiten von Meditationen. <\/strong><\/p>\n","protected":false},"excerpt":{"rendered":"<p><strong>Zen-Klangschale 9 (phKSZ-9)<\/strong><\/p>\n<p><span style=\"font-size: 16px;\">Gewicht: 0,24 kg<br \/>\n\u00d8 ca.: 9 cm<br \/>\nH\u00f6he ca.: 4,5 cm <\/span><\/p>\n","protected":false},"featured_media":4562,"template":"","meta":{"_et_pb_use_builder":"","_et_pb_old_content":"","_et_gb_content_width":""},"product_brand":[],"product_cat":[52,61],"product_tag":[],"class_list":{"0":"post-1047","1":"product","2":"type-product","3":"status-publish","4":"has-post-thumbnail","6":"product_cat-peter-hess-therapieklangschale","7":"product_cat-assam-zen-zimbeln","9":"first","10":"instock","11":"taxable","12":"shipping-taxable","13":"purchasable","14":"product-type-simple"},"_links":{"self":[{"href":"https:\/\/peter-hess-muehle.de\/shop\/wp-json\/wp\/v2\/product\/1047","targetHints":{"allow":["GET"]}}],"collection":[{"href":"https:\/\/peter-hess-muehle.de\/shop\/wp-json\/wp\/v2\/product"}],"about":[{"href":"https:\/\/peter-hess-muehle.de\/shop\/wp-json\/wp\/v2\/types\/product"}],"wp:featuredmedia":[{"embeddable":true,"href":"https:\/\/peter-hess-muehle.de\/shop\/wp-json\/wp\/v2\/media\/4562"}],"wp:attachment":[{"href":"https:\/\/peter-hess-muehle.de\/shop\/wp-json\/wp\/v2\/media?parent=1047"}],"wp:term":[{"taxonomy":"product_brand","embeddable":true,"href":"https:\/\/peter-hess-muehle.de\/shop\/wp-json\/wp\/v2\/product_brand?post=1047"},{"taxonomy":"product_cat","embeddable":true,"href":"https:\/\/peter-hess-muehle.de\/shop\/wp-json\/wp\/v2\/product_cat?post=1047"},{"taxonomy":"product_tag","embeddable":true,"href":"https:\/\/peter-hess-muehle.de\/shop\/wp-json\/wp\/v2\/product_tag?post=1047"}],"curies":[{"name":"wp","href":"https:\/\/api.w.org\/{rel}","templated":true}]}}