{"id":1050,"date":"2021-04-08T21:51:08","date_gmt":"2021-04-08T19:51:08","guid":{"rendered":"https:\/\/peter-hess-muehle.de\/shop\/produkt\/zen-11-phksz-11\/"},"modified":"2024-03-06T10:35:17","modified_gmt":"2024-03-06T09:35:17","slug":"zen-11-phksz-11","status":"publish","type":"product","link":"https:\/\/peter-hess-muehle.de\/shop\/produkt\/zen-11-phksz-11\/","title":{"rendered":"Peter Hess\u00aeZen Klangschale \u00d811 cm"},"content":{"rendered":"<p>Diese Klangschalen haben eine ganz klare und zentrierte Klangqualit\u00e4t. Sie werden vor allem f\u00fcr den Kopfbereich eingesetzt und \u00fcberall dort, wo Aufmerksamkeit hingeleitet werden soll. Sie sind auch wunderbar zum Einleiten und Ausleiten von Meditationen.<\/p>\n","protected":false},"excerpt":{"rendered":"<p><strong>Zen-Klangschale 11 (phKSZ-11)<\/strong><\/p>\n<p>Gewicht: 0,4 kg<br \/>\n\u00d8 ca.: 10 cm<br \/>\nH\u00f6he ca.: 5 cm<\/p>\n","protected":false},"featured_media":4564,"template":"","meta":{"_et_pb_use_builder":"","_et_pb_old_content":"","_et_gb_content_width":""},"product_brand":[],"product_cat":[52,61],"product_tag":[],"class_list":{"0":"post-1050","1":"product","2":"type-product","3":"status-publish","4":"has-post-thumbnail","6":"product_cat-peter-hess-therapieklangschale","7":"product_cat-assam-zen-zimbeln","9":"first","10":"instock","11":"taxable","12":"shipping-taxable","13":"purchasable","14":"product-type-simple"},"_links":{"self":[{"href":"https:\/\/peter-hess-muehle.de\/shop\/wp-json\/wp\/v2\/product\/1050","targetHints":{"allow":["GET"]}}],"collection":[{"href":"https:\/\/peter-hess-muehle.de\/shop\/wp-json\/wp\/v2\/product"}],"about":[{"href":"https:\/\/peter-hess-muehle.de\/shop\/wp-json\/wp\/v2\/types\/product"}],"wp:featuredmedia":[{"embeddable":true,"href":"https:\/\/peter-hess-muehle.de\/shop\/wp-json\/wp\/v2\/media\/4564"}],"wp:attachment":[{"href":"https:\/\/peter-hess-muehle.de\/shop\/wp-json\/wp\/v2\/media?parent=1050"}],"wp:term":[{"taxonomy":"product_brand","embeddable":true,"href":"https:\/\/peter-hess-muehle.de\/shop\/wp-json\/wp\/v2\/product_brand?post=1050"},{"taxonomy":"product_cat","embeddable":true,"href":"https:\/\/peter-hess-muehle.de\/shop\/wp-json\/wp\/v2\/product_cat?post=1050"},{"taxonomy":"product_tag","embeddable":true,"href":"https:\/\/peter-hess-muehle.de\/shop\/wp-json\/wp\/v2\/product_tag?post=1050"}],"curies":[{"name":"wp","href":"https:\/\/api.w.org\/{rel}","templated":true}]}}