{"id":1053,"date":"2021-04-08T22:43:04","date_gmt":"2021-04-08T20:43:04","guid":{"rendered":"https:\/\/peter-hess-muehle.de\/shop\/produkt\/zen-set-phksz-set\/"},"modified":"2025-02-11T21:16:52","modified_gmt":"2025-02-11T20:16:52","slug":"zen-set-phksz-set","status":"publish","type":"product","link":"https:\/\/peter-hess-muehle.de\/shop\/produkt\/zen-set-phksz-set\/","title":{"rendered":"Peter Hess\u00aeZen Klangschalen Set"},"content":{"rendered":"<p>Diese Klangschalen haben eine ganz klare und zentrierte Klangqualit\u00e4t. Sie werden vor allem f\u00fcr den Kopfbereich eingesetzt und \u00fcberall dort, wo Aufmerksamkeit hingeleitet werden soll.<\/p>\n<p>Sie sind auch wunderbar zum Einleiten und Ausleiten von Meditationen.<\/p>\n<p>Bei den Zen Klangschalen handelt es sich um gegossene Schalen, die anschlie\u00dfend maschinell bearbeitet werden.<br \/>\nSie werden aus einer hochwertigen Metalllegierung mit hohem Zinnanteil hergestellt.<\/p>\n<p>Diese Klangschalen sind etwas empfindlicher und k\u00f6nnen sogar brechen, wenn sie z.B. auf einen Steinboden fallen.<\/p>\n","protected":false},"excerpt":{"rendered":"<p>Zen \u2013 Klangschalenset,<br \/>\nbestehend aus phKSZ-7, -9 und -11 (phKSZ-SET)<\/p>\n","protected":false},"featured_media":4565,"template":"","meta":{"_et_pb_use_builder":"","_et_pb_old_content":"","_et_gb_content_width":""},"product_brand":[],"product_cat":[52,61],"product_tag":[],"class_list":{"0":"post-1053","1":"product","2":"type-product","3":"status-publish","4":"has-post-thumbnail","6":"product_cat-peter-hess-therapieklangschale","7":"product_cat-assam-zen-zimbeln","9":"first","10":"instock","11":"taxable","12":"shipping-taxable","13":"purchasable","14":"product-type-simple"},"_links":{"self":[{"href":"https:\/\/peter-hess-muehle.de\/shop\/wp-json\/wp\/v2\/product\/1053","targetHints":{"allow":["GET"]}}],"collection":[{"href":"https:\/\/peter-hess-muehle.de\/shop\/wp-json\/wp\/v2\/product"}],"about":[{"href":"https:\/\/peter-hess-muehle.de\/shop\/wp-json\/wp\/v2\/types\/product"}],"wp:featuredmedia":[{"embeddable":true,"href":"https:\/\/peter-hess-muehle.de\/shop\/wp-json\/wp\/v2\/media\/4565"}],"wp:attachment":[{"href":"https:\/\/peter-hess-muehle.de\/shop\/wp-json\/wp\/v2\/media?parent=1053"}],"wp:term":[{"taxonomy":"product_brand","embeddable":true,"href":"https:\/\/peter-hess-muehle.de\/shop\/wp-json\/wp\/v2\/product_brand?post=1053"},{"taxonomy":"product_cat","embeddable":true,"href":"https:\/\/peter-hess-muehle.de\/shop\/wp-json\/wp\/v2\/product_cat?post=1053"},{"taxonomy":"product_tag","embeddable":true,"href":"https:\/\/peter-hess-muehle.de\/shop\/wp-json\/wp\/v2\/product_tag?post=1053"}],"curies":[{"name":"wp","href":"https:\/\/api.w.org\/{rel}","templated":true}]}}