{"id":1070,"date":"2021-04-10T23:05:53","date_gmt":"2021-04-10T21:05:53","guid":{"rendered":"https:\/\/peter-hess-muehle.de\/shop\/produkt\/gf-45-p-fen-gong\/"},"modified":"2026-02-07T20:54:58","modified_gmt":"2026-02-07T19:54:58","slug":"gf-45-p-fen-gong","status":"publish","type":"product","link":"https:\/\/peter-hess-muehle.de\/shop\/produkt\/gf-45-p-fen-gong\/","title":{"rendered":"Feng-Gong \u00d8 45cm"},"content":{"rendered":"<p><strong>Feng Gongs eignen sich besonders f\u00fcr:<\/strong><\/p>\n<p>L\u00f6sen von Blockaden am K\u00f6rper<br \/>\nin der Aura Arbeit (Lockern der Aura, Aurapainting)<br \/>\nHarmonisierung und St\u00e4rkung der Wirbels\u00e4ule<br \/>\nF\u00f6rderung der Durchblutung<br \/>\nEnergetisieren<br \/>\nsicheren Klangschutzraum geben.<\/p>\n<p>Gongs geh\u00f6ren zu den \u00e4ltesten und wichtigsten Musikinstrumenten S\u00fcdostasienes. Es gibt sie in verschiedenen Ausf\u00fchrungen und Gr\u00f6\u00dfen.<\/p>\n<p>In der Peter Hess\u00ae Klangmassage und Klangp\u00e4dagogik wurde der Gong neben der Klangschale zu einem zentralen Instrument. F\u00fcr unsere Arbeit haben sich die Feng und Tam Tam Gongs besonders bew\u00e4hrt, die wir seit Jahren in Asien einkaufen. Wir achten auf ausgesuchte, gepr\u00fcfte Qualit\u00e4t, denn nur so wird Ihnen Ihr Gong beim Spielen und Zuh\u00f6ren gro\u00dfe Freude bereiten.<\/p>\n<p>Er kann beidseitig bespielt, die kleineren Gr\u00f6\u00dfen bis 55 cm Durchmesser auch gut in der Hand gehalten werden. Die gro\u00dfen Gongs werden im Gongst\u00e4nder aufgeh\u00e4ngt. Sie sind wertvolle Begleiter in der Klangarbeit, Klangtherapie und Klangmassage.<\/p>\n<p>Der chinesische Feng Gong ist eine nahezu flache Scheibe aus einer polierten Bronzelegierung. Wegen seines strahlenden Glanzes wird er manchmal auch als Sonnengong bezeichnet. Dieser Gong ist nahezu randlos aus einer d\u00fcnnen, hellgelben Metallplatte getrieben und leicht gew\u00f6lbt. Dadurch k\u00f6nnen sich die Schwingungen leichter ausbreiten und der Gong f\u00e4ngt bei st\u00e4rkerem Anschlagen kr\u00e4ftig zu vibrieren an. Dieser Gong ist in ausgezeichneter Qualit\u00e4t f\u00fcr die Klangarbeit hergestellt.<\/p>\n<p>Alle Gongs werden mit einem gewickelten Baumwollschl\u00e4gel geliefert.<\/p>\n<p>Die Gongs haben jeweils 2 Lochbohrungen und sind mit einer Kordel zum Aufh\u00e4ngen versehen.<\/p>\n","protected":false},"excerpt":{"rendered":"<p><strong>Fen Gong Hess-Premiumqualit\u00e4t (GF-45-P)<\/strong><\/p>\n<p>Gewicht: ca. 2 kg<br \/>\n\u00d8: 45 cm<\/p>\n","protected":false},"featured_media":4595,"template":"","meta":{"_et_pb_use_builder":"","_et_pb_old_content":"","_et_gb_content_width":""},"product_brand":[],"product_cat":[72,51],"product_tag":[],"class_list":{"0":"post-1070","1":"product","2":"type-product","3":"status-publish","4":"has-post-thumbnail","6":"product_cat-feng-gong","7":"product_cat-gongs","9":"first","10":"instock","11":"taxable","12":"shipping-taxable","13":"purchasable","14":"product-type-simple"},"_links":{"self":[{"href":"https:\/\/peter-hess-muehle.de\/shop\/wp-json\/wp\/v2\/product\/1070","targetHints":{"allow":["GET"]}}],"collection":[{"href":"https:\/\/peter-hess-muehle.de\/shop\/wp-json\/wp\/v2\/product"}],"about":[{"href":"https:\/\/peter-hess-muehle.de\/shop\/wp-json\/wp\/v2\/types\/product"}],"wp:featuredmedia":[{"embeddable":true,"href":"https:\/\/peter-hess-muehle.de\/shop\/wp-json\/wp\/v2\/media\/4595"}],"wp:attachment":[{"href":"https:\/\/peter-hess-muehle.de\/shop\/wp-json\/wp\/v2\/media?parent=1070"}],"wp:term":[{"taxonomy":"product_brand","embeddable":true,"href":"https:\/\/peter-hess-muehle.de\/shop\/wp-json\/wp\/v2\/product_brand?post=1070"},{"taxonomy":"product_cat","embeddable":true,"href":"https:\/\/peter-hess-muehle.de\/shop\/wp-json\/wp\/v2\/product_cat?post=1070"},{"taxonomy":"product_tag","embeddable":true,"href":"https:\/\/peter-hess-muehle.de\/shop\/wp-json\/wp\/v2\/product_tag?post=1070"}],"curies":[{"name":"wp","href":"https:\/\/api.w.org\/{rel}","templated":true}]}}