{"id":1085,"date":"2021-04-11T21:10:10","date_gmt":"2021-04-11T19:10:10","guid":{"rendered":"https:\/\/peter-hess-muehle.de\/shop\/produkt\/yoga-gong-blume-des-lebens\/"},"modified":"2026-03-10T10:13:33","modified_gmt":"2026-03-10T09:13:33","slug":"yoga-gong-blume-des-lebens","status":"publish","type":"product","link":"https:\/\/peter-hess-muehle.de\/shop\/produkt\/yoga-gong-blume-des-lebens\/","title":{"rendered":"Yoga-Gong Blume des Lebens"},"content":{"rendered":"<p>Dieser sch\u00f6ne, handgearbeitete Gong aus Indien hat einen bewegten Klang. Durch sein h\u00f6heres Gewicht hat er ein gr\u00f6\u00dferes Klangvolumen gegen\u00fcber traditionellen Feng Gongs. Ihn ziert eine handgravierte Blume des Lebens<\/p>\n","protected":false},"excerpt":{"rendered":"<p>Meditations Gong.<br \/>\nGewicht ca.: 1 kg<br \/>\n\u00d8 ca.: 50 &#8211; 53 cm<br \/>\nGewicht ca.: 2,8 -3,2 kg<\/p>\n","protected":false},"featured_media":4355,"template":"","meta":{"_et_pb_use_builder":"","_et_pb_old_content":"","_et_gb_content_width":""},"product_brand":[],"product_cat":[72,51,55,79],"product_tag":[],"class_list":{"0":"post-1085","1":"product","2":"type-product","3":"status-publish","4":"has-post-thumbnail","6":"product_cat-feng-gong","7":"product_cat-gongs","8":"product_cat-yoga","9":"product_cat-yoga-schalen-gongs","11":"first","12":"outofstock","13":"taxable","14":"shipping-taxable","15":"purchasable","16":"product-type-simple"},"_links":{"self":[{"href":"https:\/\/peter-hess-muehle.de\/shop\/wp-json\/wp\/v2\/product\/1085","targetHints":{"allow":["GET"]}}],"collection":[{"href":"https:\/\/peter-hess-muehle.de\/shop\/wp-json\/wp\/v2\/product"}],"about":[{"href":"https:\/\/peter-hess-muehle.de\/shop\/wp-json\/wp\/v2\/types\/product"}],"wp:featuredmedia":[{"embeddable":true,"href":"https:\/\/peter-hess-muehle.de\/shop\/wp-json\/wp\/v2\/media\/4355"}],"wp:attachment":[{"href":"https:\/\/peter-hess-muehle.de\/shop\/wp-json\/wp\/v2\/media?parent=1085"}],"wp:term":[{"taxonomy":"product_brand","embeddable":true,"href":"https:\/\/peter-hess-muehle.de\/shop\/wp-json\/wp\/v2\/product_brand?post=1085"},{"taxonomy":"product_cat","embeddable":true,"href":"https:\/\/peter-hess-muehle.de\/shop\/wp-json\/wp\/v2\/product_cat?post=1085"},{"taxonomy":"product_tag","embeddable":true,"href":"https:\/\/peter-hess-muehle.de\/shop\/wp-json\/wp\/v2\/product_tag?post=1085"}],"curies":[{"name":"wp","href":"https:\/\/api.w.org\/{rel}","templated":true}]}}