{"id":1110,"date":"2021-04-11T22:22:29","date_gmt":"2021-04-11T20:22:29","guid":{"rendered":"https:\/\/peter-hess-muehle.de\/shop\/produkt\/gt-100-p-tam-tam-gong-premium\/"},"modified":"2026-03-10T09:58:42","modified_gmt":"2026-03-10T08:58:42","slug":"gt-100-p-tam-tam-gong-premium","status":"publish","type":"product","link":"https:\/\/peter-hess-muehle.de\/shop\/produkt\/gt-100-p-tam-tam-gong-premium\/","title":{"rendered":"Tam Tam-Gong \u00d8 100cm"},"content":{"rendered":"<p>Der TamTam-Gong ist ein ostasiatischer Metallgong, der aus einer klassischen Bronzelegierung besteht. Er ist auch unter dem Namen Chao-Gong oder chinesischer Gong bekannt. Er beeindruckt durch einen m\u00e4chtigen und stabilen Klang und sein besonderes Aussehen: Der Gong hat einen typisch goldenen Ring, einen schwarzen Rand und eine schwarze Mitte. Der wichtigste Unterschied zwischen TamTam-Gong und Feng-Gong besteht darin, dass beim TamTam mehr Material eingesetzt wird und er dadurch ein h\u00f6heres Gewicht hat. Der TamTam-Gong wird entweder an einem Gongst\u00e4nder aufgeh\u00e4ngt oder in der Hand gehalten.<\/p>\n","protected":false},"excerpt":{"rendered":"<p>Gewicht: ca. 22 kg<br \/>\n\u00d8: 100 cm<\/p>\n","protected":false},"featured_media":4604,"template":"","meta":{"_et_pb_use_builder":"","_et_pb_old_content":"","_et_gb_content_width":""},"product_brand":[],"product_cat":[51,73],"product_tag":[],"class_list":{"0":"post-1110","1":"product","2":"type-product","3":"status-publish","4":"has-post-thumbnail","6":"product_cat-gongs","7":"product_cat-tam-tam-gong","9":"first","10":"instock","11":"taxable","12":"shipping-taxable","13":"purchasable","14":"product-type-simple"},"_links":{"self":[{"href":"https:\/\/peter-hess-muehle.de\/shop\/wp-json\/wp\/v2\/product\/1110","targetHints":{"allow":["GET"]}}],"collection":[{"href":"https:\/\/peter-hess-muehle.de\/shop\/wp-json\/wp\/v2\/product"}],"about":[{"href":"https:\/\/peter-hess-muehle.de\/shop\/wp-json\/wp\/v2\/types\/product"}],"wp:featuredmedia":[{"embeddable":true,"href":"https:\/\/peter-hess-muehle.de\/shop\/wp-json\/wp\/v2\/media\/4604"}],"wp:attachment":[{"href":"https:\/\/peter-hess-muehle.de\/shop\/wp-json\/wp\/v2\/media?parent=1110"}],"wp:term":[{"taxonomy":"product_brand","embeddable":true,"href":"https:\/\/peter-hess-muehle.de\/shop\/wp-json\/wp\/v2\/product_brand?post=1110"},{"taxonomy":"product_cat","embeddable":true,"href":"https:\/\/peter-hess-muehle.de\/shop\/wp-json\/wp\/v2\/product_cat?post=1110"},{"taxonomy":"product_tag","embeddable":true,"href":"https:\/\/peter-hess-muehle.de\/shop\/wp-json\/wp\/v2\/product_tag?post=1110"}],"curies":[{"name":"wp","href":"https:\/\/api.w.org\/{rel}","templated":true}]}}