{"id":1172,"date":"2021-04-18T21:53:14","date_gmt":"2021-04-18T19:53:14","guid":{"rendered":"https:\/\/peter-hess-muehle.de\/shop\/produkt\/fs-1b-filz-fanello4cm\/"},"modified":"2025-02-12T23:25:17","modified_gmt":"2025-02-12T22:25:17","slug":"fs-1b-filz-fanello4cm","status":"publish","type":"product","link":"https:\/\/peter-hess-muehle.de\/shop\/produkt\/fs-1b-filz-fanello4cm\/","title":{"rendered":"Filzschl\u00e4gel-weich, Fanello \u00d8 4 cm(FS-1b)"},"content":{"rendered":"<p>Der Filzschl\u00e4gel hat einen weichen Kopf, der sich f\u00fcr weiche und sanfte Kl\u00e4nge eignet.<\/p>\n<p>Empfohlen f\u00fcr kleine Sangha und Bengali Klangschalen.<\/p>\n","protected":false},"excerpt":{"rendered":"<p>ca. \u00d8 3,5 cm<br \/>\nGriffl\u00e4nge: 21 cm<br \/>\nFarbe: natur<\/p>\n","protected":false},"featured_media":4867,"template":"","meta":{"_et_pb_use_builder":"","_et_pb_old_content":"","_et_gb_content_width":""},"product_brand":[],"product_cat":[62,54],"product_tag":[],"class_list":{"0":"post-1172","1":"product","2":"type-product","3":"status-publish","4":"has-post-thumbnail","6":"product_cat-filzschlaegel","7":"product_cat-schlaegel","9":"first","10":"instock","11":"taxable","12":"shipping-taxable","13":"purchasable","14":"product-type-simple"},"_links":{"self":[{"href":"https:\/\/peter-hess-muehle.de\/shop\/wp-json\/wp\/v2\/product\/1172","targetHints":{"allow":["GET"]}}],"collection":[{"href":"https:\/\/peter-hess-muehle.de\/shop\/wp-json\/wp\/v2\/product"}],"about":[{"href":"https:\/\/peter-hess-muehle.de\/shop\/wp-json\/wp\/v2\/types\/product"}],"wp:featuredmedia":[{"embeddable":true,"href":"https:\/\/peter-hess-muehle.de\/shop\/wp-json\/wp\/v2\/media\/4867"}],"wp:attachment":[{"href":"https:\/\/peter-hess-muehle.de\/shop\/wp-json\/wp\/v2\/media?parent=1172"}],"wp:term":[{"taxonomy":"product_brand","embeddable":true,"href":"https:\/\/peter-hess-muehle.de\/shop\/wp-json\/wp\/v2\/product_brand?post=1172"},{"taxonomy":"product_cat","embeddable":true,"href":"https:\/\/peter-hess-muehle.de\/shop\/wp-json\/wp\/v2\/product_cat?post=1172"},{"taxonomy":"product_tag","embeddable":true,"href":"https:\/\/peter-hess-muehle.de\/shop\/wp-json\/wp\/v2\/product_tag?post=1172"}],"curies":[{"name":"wp","href":"https:\/\/api.w.org\/{rel}","templated":true}]}}