{"id":1233,"date":"2021-04-26T23:12:49","date_gmt":"2021-04-26T21:12:49","guid":{"rendered":"https:\/\/peter-hess-muehle.de\/shop\/produkt\/fs-4-filzschlaegel10x35cm\/"},"modified":"2022-03-06T10:07:46","modified_gmt":"2022-03-06T09:07:46","slug":"fs-4-filzschlaegel10x35cm","status":"publish","type":"product","link":"https:\/\/peter-hess-muehle.de\/shop\/produkt\/fs-4-filzschlaegel10x35cm\/","title":{"rendered":"Filzschl\u00e4gel f\u00fcr XL Schalen,\u00d8 10 cm (FS-4)"},"content":{"rendered":"<p>Filzschl\u00e4gel f\u00fcr XL Klangschalen<\/p>\n","protected":false},"excerpt":{"rendered":"<p>ca. \u00d8 10 cm<br \/>\nGriffl\u00e4nge: 35 cm<br \/>\nFarbe: natur Filz<\/p>\n","protected":false},"featured_media":2221,"template":"","meta":{"_et_pb_use_builder":"","_et_pb_old_content":"","_et_gb_content_width":""},"product_brand":[],"product_cat":[62,54],"product_tag":[],"class_list":{"0":"post-1233","1":"product","2":"type-product","3":"status-publish","4":"has-post-thumbnail","6":"product_cat-filzschlaegel","7":"product_cat-schlaegel","9":"first","10":"instock","11":"taxable","12":"shipping-taxable","13":"purchasable","14":"product-type-simple"},"_links":{"self":[{"href":"https:\/\/peter-hess-muehle.de\/shop\/wp-json\/wp\/v2\/product\/1233","targetHints":{"allow":["GET"]}}],"collection":[{"href":"https:\/\/peter-hess-muehle.de\/shop\/wp-json\/wp\/v2\/product"}],"about":[{"href":"https:\/\/peter-hess-muehle.de\/shop\/wp-json\/wp\/v2\/types\/product"}],"wp:featuredmedia":[{"embeddable":true,"href":"https:\/\/peter-hess-muehle.de\/shop\/wp-json\/wp\/v2\/media\/2221"}],"wp:attachment":[{"href":"https:\/\/peter-hess-muehle.de\/shop\/wp-json\/wp\/v2\/media?parent=1233"}],"wp:term":[{"taxonomy":"product_brand","embeddable":true,"href":"https:\/\/peter-hess-muehle.de\/shop\/wp-json\/wp\/v2\/product_brand?post=1233"},{"taxonomy":"product_cat","embeddable":true,"href":"https:\/\/peter-hess-muehle.de\/shop\/wp-json\/wp\/v2\/product_cat?post=1233"},{"taxonomy":"product_tag","embeddable":true,"href":"https:\/\/peter-hess-muehle.de\/shop\/wp-json\/wp\/v2\/product_tag?post=1233"}],"curies":[{"name":"wp","href":"https:\/\/api.w.org\/{rel}","templated":true}]}}