{"id":1248,"date":"2021-04-30T19:54:49","date_gmt":"2021-04-30T17:54:49","guid":{"rendered":"https:\/\/peter-hess-muehle.de\/shop\/produkt\/fs-5filzschlaegel125x35cm\/"},"modified":"2022-03-06T10:09:38","modified_gmt":"2022-03-06T09:09:38","slug":"fs-5filzschlaegel125x35cm","status":"publish","type":"product","link":"https:\/\/peter-hess-muehle.de\/shop\/produkt\/fs-5filzschlaegel125x35cm\/","title":{"rendered":"Filzschl\u00e4gel f\u00fcr XL Schalen, \u00d8 12,5x35cm (FS-5)"},"content":{"rendered":"<p>Filzschl\u00e4gel mit gro\u00dfem Kopf f\u00fcr XL klangschalen<\/p>\n","protected":false},"excerpt":{"rendered":"<p>\u00d8: ca. 12,5 cm<br \/>\nGriffl\u00e4nge: 35 cm<br \/>\nFarbe: natur<\/p>\n","protected":false},"featured_media":1363,"template":"","meta":{"_et_pb_use_builder":"","_et_pb_old_content":"","_et_gb_content_width":""},"product_brand":[],"product_cat":[54,64],"product_tag":[],"class_list":{"0":"post-1248","1":"product","2":"type-product","3":"status-publish","4":"has-post-thumbnail","6":"product_cat-schlaegel","7":"product_cat-plueschschlaegel","9":"first","10":"instock","11":"taxable","12":"shipping-taxable","13":"purchasable","14":"product-type-simple"},"_links":{"self":[{"href":"https:\/\/peter-hess-muehle.de\/shop\/wp-json\/wp\/v2\/product\/1248","targetHints":{"allow":["GET"]}}],"collection":[{"href":"https:\/\/peter-hess-muehle.de\/shop\/wp-json\/wp\/v2\/product"}],"about":[{"href":"https:\/\/peter-hess-muehle.de\/shop\/wp-json\/wp\/v2\/types\/product"}],"wp:featuredmedia":[{"embeddable":true,"href":"https:\/\/peter-hess-muehle.de\/shop\/wp-json\/wp\/v2\/media\/1363"}],"wp:attachment":[{"href":"https:\/\/peter-hess-muehle.de\/shop\/wp-json\/wp\/v2\/media?parent=1248"}],"wp:term":[{"taxonomy":"product_brand","embeddable":true,"href":"https:\/\/peter-hess-muehle.de\/shop\/wp-json\/wp\/v2\/product_brand?post=1248"},{"taxonomy":"product_cat","embeddable":true,"href":"https:\/\/peter-hess-muehle.de\/shop\/wp-json\/wp\/v2\/product_cat?post=1248"},{"taxonomy":"product_tag","embeddable":true,"href":"https:\/\/peter-hess-muehle.de\/shop\/wp-json\/wp\/v2\/product_tag?post=1248"}],"curies":[{"name":"wp","href":"https:\/\/api.w.org\/{rel}","templated":true}]}}