{"id":1251,"date":"2021-04-30T20:53:59","date_gmt":"2021-04-30T18:53:59","guid":{"rendered":"https:\/\/peter-hess-muehle.de\/shop\/produkt\/fs-5lfilzschlaegel125x55cm\/"},"modified":"2022-03-06T10:10:27","modified_gmt":"2022-03-06T09:10:27","slug":"fs-5lfilzschlaegel125x55cm","status":"publish","type":"product","link":"https:\/\/peter-hess-muehle.de\/shop\/produkt\/fs-5lfilzschlaegel125x55cm\/","title":{"rendered":"Filzschl\u00e4gel f\u00fcr XL Schalen,\u00d8 12,5&#215;55 (FS-5L)"},"content":{"rendered":"<p><strong>Filzschl\u00e4gel<\/strong><\/p>\n","protected":false},"excerpt":{"rendered":"<p>\u00d8: ca. 12,5 cm<br \/>\nGriffl\u00e4nge: 55 cm<br \/>\nFarbe: natur Filz<\/p>\n","protected":false},"featured_media":1362,"template":"","meta":{"_et_pb_use_builder":"","_et_pb_old_content":"","_et_gb_content_width":""},"product_brand":[],"product_cat":[54,64],"product_tag":[],"class_list":{"0":"post-1251","1":"product","2":"type-product","3":"status-publish","4":"has-post-thumbnail","6":"product_cat-schlaegel","7":"product_cat-plueschschlaegel","9":"first","10":"instock","11":"taxable","12":"shipping-taxable","13":"purchasable","14":"product-type-simple"},"_links":{"self":[{"href":"https:\/\/peter-hess-muehle.de\/shop\/wp-json\/wp\/v2\/product\/1251","targetHints":{"allow":["GET"]}}],"collection":[{"href":"https:\/\/peter-hess-muehle.de\/shop\/wp-json\/wp\/v2\/product"}],"about":[{"href":"https:\/\/peter-hess-muehle.de\/shop\/wp-json\/wp\/v2\/types\/product"}],"wp:featuredmedia":[{"embeddable":true,"href":"https:\/\/peter-hess-muehle.de\/shop\/wp-json\/wp\/v2\/media\/1362"}],"wp:attachment":[{"href":"https:\/\/peter-hess-muehle.de\/shop\/wp-json\/wp\/v2\/media?parent=1251"}],"wp:term":[{"taxonomy":"product_brand","embeddable":true,"href":"https:\/\/peter-hess-muehle.de\/shop\/wp-json\/wp\/v2\/product_brand?post=1251"},{"taxonomy":"product_cat","embeddable":true,"href":"https:\/\/peter-hess-muehle.de\/shop\/wp-json\/wp\/v2\/product_cat?post=1251"},{"taxonomy":"product_tag","embeddable":true,"href":"https:\/\/peter-hess-muehle.de\/shop\/wp-json\/wp\/v2\/product_tag?post=1251"}],"curies":[{"name":"wp","href":"https:\/\/api.w.org\/{rel}","templated":true}]}}