{"id":1253,"date":"2021-04-30T21:04:47","date_gmt":"2021-04-30T19:04:47","guid":{"rendered":"https:\/\/peter-hess-muehle.de\/shop\/produkt\/phfs-1h-schlaegel-hart-klein\/"},"modified":"2025-02-12T23:01:53","modified_gmt":"2025-02-12T22:01:53","slug":"phfs-1h-schlaegel-hart-klein","status":"publish","type":"product","link":"https:\/\/peter-hess-muehle.de\/shop\/produkt\/phfs-1h-schlaegel-hart-klein\/","title":{"rendered":"Peter Hess\u00aeFilzschl\u00e4gel hart, klein"},"content":{"rendered":"<p>Peter Hess products\u00ae Filzschl\u00e4gel mit Holzstiel f\u00fcr festen Anschlag und direkten Ton (ohne Schrauben gefertigt). Kleine, harte Schl\u00e4gel entlocken der Klangschale eher h\u00f6here T\u00f6ne die den Herz- und Kopfbereich ansprechen.<\/p>\n<p>Empfohlen f\u00fcr Herz- Gelenk-\/Universal- und Beckenschale.<\/p>\n","protected":false},"excerpt":{"rendered":"<p>Griffl\u00e4nge: 30 cm<br \/>\nca. \u00d8: 4,5 cm<br \/>\nFarbe: natur<\/p>\n","protected":false},"featured_media":4859,"template":"","meta":{"_et_pb_use_builder":"","_et_pb_old_content":"","_et_gb_content_width":""},"product_brand":[],"product_cat":[62,54],"product_tag":[],"class_list":{"0":"post-1253","1":"product","2":"type-product","3":"status-publish","4":"has-post-thumbnail","6":"product_cat-filzschlaegel","7":"product_cat-schlaegel","9":"first","10":"instock","11":"taxable","12":"shipping-taxable","13":"purchasable","14":"product-type-simple"},"_links":{"self":[{"href":"https:\/\/peter-hess-muehle.de\/shop\/wp-json\/wp\/v2\/product\/1253","targetHints":{"allow":["GET"]}}],"collection":[{"href":"https:\/\/peter-hess-muehle.de\/shop\/wp-json\/wp\/v2\/product"}],"about":[{"href":"https:\/\/peter-hess-muehle.de\/shop\/wp-json\/wp\/v2\/types\/product"}],"wp:featuredmedia":[{"embeddable":true,"href":"https:\/\/peter-hess-muehle.de\/shop\/wp-json\/wp\/v2\/media\/4859"}],"wp:attachment":[{"href":"https:\/\/peter-hess-muehle.de\/shop\/wp-json\/wp\/v2\/media?parent=1253"}],"wp:term":[{"taxonomy":"product_brand","embeddable":true,"href":"https:\/\/peter-hess-muehle.de\/shop\/wp-json\/wp\/v2\/product_brand?post=1253"},{"taxonomy":"product_cat","embeddable":true,"href":"https:\/\/peter-hess-muehle.de\/shop\/wp-json\/wp\/v2\/product_cat?post=1253"},{"taxonomy":"product_tag","embeddable":true,"href":"https:\/\/peter-hess-muehle.de\/shop\/wp-json\/wp\/v2\/product_tag?post=1253"}],"curies":[{"name":"wp","href":"https:\/\/api.w.org\/{rel}","templated":true}]}}