{"id":1328,"date":"2021-05-03T22:17:31","date_gmt":"2021-05-03T20:17:31","guid":{"rendered":"https:\/\/peter-hess-muehle.de\/shop\/produkt\/pgm-l460-apfelgruen\/"},"modified":"2025-02-15T20:20:52","modified_gmt":"2025-02-15T19:20:52","slug":"pgm-l460-apfelgruen","status":"publish","type":"product","link":"https:\/\/peter-hess-muehle.de\/shop\/produkt\/pgm-l460-apfelgruen\/","title":{"rendered":"Profi Gong Mallet L460, \u00d8 10 cm"},"content":{"rendered":"<p>Der Profi Gong Mallet L460 wurde speziell entwickelt um das Anschlagger\u00e4usch noch weiter zu minimieren. Er erzeugt weiche, dunkle T\u00f6ne.<\/p>\n<p>Der neue Kern und die D\u00e4mmung aus einem anschmiegsamen und hochwertigen Filzstoff sind umh\u00fcllt von Chakra-Fleece. Der ergonomisch geformte Stil aus gewachstem Buchenholz ist perfekt auf das Kerngewicht abgestimmt und daher etwas l\u00e4nger. Das leicht verdickte Griffende vermeidet, dass der Schl\u00e4gel versehentlich aus der Hand gleiten kann.<\/p>\n<p>Der Profi Gong Mallet L460 erzeugt sanfte und warme T\u00f6ne ohne st\u00f6rende Nebenger\u00e4usche und ist daher besonders gut geeignet f\u00fcr Klangmeditationen und Klangreisen.<\/p>\n","protected":false},"excerpt":{"rendered":"<p>Griffl\u00e4nge: ca. 33 cm<br \/>\nKopf: ca. 10 cm<br \/>\nGriff ca. 22,55 mm<br \/>\nFarbe: petrol, pflaume, gelb, rot, orange, beere, t\u00fcrkis, schwarz, blau, flieder, creme, dunkelblau, pink, apfelgr\u00fcn, braun, taupe<\/p>\n","protected":false},"featured_media":2785,"template":"","meta":{"_et_pb_use_builder":"","_et_pb_old_content":"","_et_gb_content_width":""},"product_brand":[],"product_cat":[83,54],"product_tag":[],"class_list":{"0":"post-1328","1":"product","2":"type-product","3":"status-publish","4":"has-post-thumbnail","6":"product_cat-gong-mallets","7":"product_cat-schlaegel","9":"first","10":"instock","11":"taxable","12":"shipping-taxable","13":"purchasable","14":"product-type-variable"},"_links":{"self":[{"href":"https:\/\/peter-hess-muehle.de\/shop\/wp-json\/wp\/v2\/product\/1328","targetHints":{"allow":["GET"]}}],"collection":[{"href":"https:\/\/peter-hess-muehle.de\/shop\/wp-json\/wp\/v2\/product"}],"about":[{"href":"https:\/\/peter-hess-muehle.de\/shop\/wp-json\/wp\/v2\/types\/product"}],"wp:featuredmedia":[{"embeddable":true,"href":"https:\/\/peter-hess-muehle.de\/shop\/wp-json\/wp\/v2\/media\/2785"}],"wp:attachment":[{"href":"https:\/\/peter-hess-muehle.de\/shop\/wp-json\/wp\/v2\/media?parent=1328"}],"wp:term":[{"taxonomy":"product_brand","embeddable":true,"href":"https:\/\/peter-hess-muehle.de\/shop\/wp-json\/wp\/v2\/product_brand?post=1328"},{"taxonomy":"product_cat","embeddable":true,"href":"https:\/\/peter-hess-muehle.de\/shop\/wp-json\/wp\/v2\/product_cat?post=1328"},{"taxonomy":"product_tag","embeddable":true,"href":"https:\/\/peter-hess-muehle.de\/shop\/wp-json\/wp\/v2\/product_tag?post=1328"}],"curies":[{"name":"wp","href":"https:\/\/api.w.org\/{rel}","templated":true}]}}