{"id":1356,"date":"2021-05-05T19:48:28","date_gmt":"2021-05-05T17:48:28","guid":{"rendered":"https:\/\/peter-hess-muehle.de\/shop\/produkt\/pgm-xl-rot\/"},"modified":"2026-01-12T15:42:20","modified_gmt":"2026-01-12T14:42:20","slug":"pgm-xl-rot","status":"publish","type":"product","link":"https:\/\/peter-hess-muehle.de\/shop\/produkt\/pgm-xl-rot\/","title":{"rendered":"XL Klangschalen Mallet (PGM-XL) rot"},"content":{"rendered":"<p>Dieser Mallet wurde speziell f\u00fcr die Anwendung bei sehr gro\u00dfen Klangschalen (XL \u2013 XXL, \u201eFu\u00dfschalen\u201c) entwickelt.<\/p>\n<p>Durch den neu entwickelten Schl\u00e4gelkopf entlockt man der Klangschale tiefe und stark vibrierende T\u00f6ne, aber auch genauso das obertonreiche Spektrum. Durch den langen Griff k\u00f6nnen Sie aufrecht in der Klangschale stehen und, wenn Sie w\u00fcnschen, auch selbst anschl\u00e4geln. Der Griff und das Griffende sind so gedrechselt, dass er gut in der Hand liegt und sicheren Halt gibt.<\/p>\n<p>Die ollihess\u2122 Mallets werden in Deutschland hergestellt.<br \/>\nWir haben daran gearbeitet mit geringen Gewichten und kleineren Schl\u00e4gelk\u00f6pfen gro\u00dfe Wirkung zu erzielen.<\/p>\n<p>Beim Anschlagen der Klangschalen wird der Klang durch die Art und des H\u00e4rtegrades des Schl\u00e4gels entscheidend beeinflusst.<br \/>\nMit unterschiedlichen Schl\u00e4geln k\u00f6nnen der Klangschale unterschiedliche Klangh\u00f6hen entlockt werden.<\/p>\n<p>Gro\u00dfe, weiche Filzschl\u00e4gel erzeugen eher tiefere T\u00f6ne die gut f\u00fcr den Unterleib sind.<\/p>\n<p>Mittlere, h\u00e4rtere Filzschl\u00e4gel sind z.B eher f\u00fcr Frequenzen im Bauch (Solarplexus).<\/p>\n<p>Kleine, harte Schl\u00e4gel entlocken der Klangschale eher h\u00f6here T\u00f6ne die den Herz- und Kopfbereich ansprechen.<\/p>\n","protected":false},"excerpt":{"rendered":"<p>Gesamtl\u00e4nge: ca. 73 cm<br \/>\nGriff: ca. 63,5 cm<br \/>\nKopf: ca. 9,5 cm<\/p>\n","protected":false},"featured_media":4890,"template":"","meta":{"_et_pb_use_builder":"","_et_pb_old_content":"","_et_gb_content_width":""},"product_brand":[],"product_cat":[54,64],"product_tag":[],"class_list":{"0":"post-1356","1":"product","2":"type-product","3":"status-publish","4":"has-post-thumbnail","6":"product_cat-schlaegel","7":"product_cat-plueschschlaegel","9":"first","10":"instock","11":"taxable","12":"shipping-taxable","13":"purchasable","14":"product-type-simple"},"_links":{"self":[{"href":"https:\/\/peter-hess-muehle.de\/shop\/wp-json\/wp\/v2\/product\/1356","targetHints":{"allow":["GET"]}}],"collection":[{"href":"https:\/\/peter-hess-muehle.de\/shop\/wp-json\/wp\/v2\/product"}],"about":[{"href":"https:\/\/peter-hess-muehle.de\/shop\/wp-json\/wp\/v2\/types\/product"}],"wp:featuredmedia":[{"embeddable":true,"href":"https:\/\/peter-hess-muehle.de\/shop\/wp-json\/wp\/v2\/media\/4890"}],"wp:attachment":[{"href":"https:\/\/peter-hess-muehle.de\/shop\/wp-json\/wp\/v2\/media?parent=1356"}],"wp:term":[{"taxonomy":"product_brand","embeddable":true,"href":"https:\/\/peter-hess-muehle.de\/shop\/wp-json\/wp\/v2\/product_brand?post=1356"},{"taxonomy":"product_cat","embeddable":true,"href":"https:\/\/peter-hess-muehle.de\/shop\/wp-json\/wp\/v2\/product_cat?post=1356"},{"taxonomy":"product_tag","embeddable":true,"href":"https:\/\/peter-hess-muehle.de\/shop\/wp-json\/wp\/v2\/product_tag?post=1356"}],"curies":[{"name":"wp","href":"https:\/\/api.w.org\/{rel}","templated":true}]}}