{"id":1359,"date":"2021-05-05T20:02:38","date_gmt":"2021-05-05T18:02:38","guid":{"rendered":"https:\/\/peter-hess-muehle.de\/shop\/produkt\/ps-3xl-basic-rot\/"},"modified":"2025-02-15T23:25:59","modified_gmt":"2025-02-15T22:25:59","slug":"ps-3xl-basic-rot","status":"publish","type":"product","link":"https:\/\/peter-hess-muehle.de\/shop\/produkt\/ps-3xl-basic-rot\/","title":{"rendered":"Basic XL Klangschalenschl\u00e4gel (PS3-XL) rot"},"content":{"rendered":"<p>Der PS 3XL Mallet ist f\u00fcr sehr gro\u00dfe Klangschalen, in die man sich reinstellen kann, um die Fu\u00dfreflexzonen zu bespielen.<br \/>\nBesonders geeignet ist er f\u00fcr XL Klangschalen ab 5 Kg.Hier erzeugt er sch\u00f6ne glockenartige Kl\u00e4nge.<br \/>\nDurch das geringe Gewicht ist er sehr angenehm in der Anwendung und \u00fcberreizt die Klangschale nicht.<\/p>\n","protected":false},"excerpt":{"rendered":"<p>Gewicht: ca. 420 g<br \/>\nKopf: \u00f8 10 cm<br \/>\nKopfh\u00f6he: 10 cm<br \/>\nGesamtl\u00e4nge: 69 cm<br \/>\nGriff: \u00f8 20 mm<\/p>\n","protected":false},"featured_media":4889,"template":"","meta":{"_et_pb_use_builder":"","_et_pb_old_content":"","_et_gb_content_width":""},"product_brand":[],"product_cat":[54,64],"product_tag":[],"class_list":{"0":"post-1359","1":"product","2":"type-product","3":"status-publish","4":"has-post-thumbnail","6":"product_cat-schlaegel","7":"product_cat-plueschschlaegel","9":"first","10":"instock","11":"taxable","12":"shipping-taxable","13":"purchasable","14":"product-type-simple"},"_links":{"self":[{"href":"https:\/\/peter-hess-muehle.de\/shop\/wp-json\/wp\/v2\/product\/1359","targetHints":{"allow":["GET"]}}],"collection":[{"href":"https:\/\/peter-hess-muehle.de\/shop\/wp-json\/wp\/v2\/product"}],"about":[{"href":"https:\/\/peter-hess-muehle.de\/shop\/wp-json\/wp\/v2\/types\/product"}],"wp:featuredmedia":[{"embeddable":true,"href":"https:\/\/peter-hess-muehle.de\/shop\/wp-json\/wp\/v2\/media\/4889"}],"wp:attachment":[{"href":"https:\/\/peter-hess-muehle.de\/shop\/wp-json\/wp\/v2\/media?parent=1359"}],"wp:term":[{"taxonomy":"product_brand","embeddable":true,"href":"https:\/\/peter-hess-muehle.de\/shop\/wp-json\/wp\/v2\/product_brand?post=1359"},{"taxonomy":"product_cat","embeddable":true,"href":"https:\/\/peter-hess-muehle.de\/shop\/wp-json\/wp\/v2\/product_cat?post=1359"},{"taxonomy":"product_tag","embeddable":true,"href":"https:\/\/peter-hess-muehle.de\/shop\/wp-json\/wp\/v2\/product_tag?post=1359"}],"curies":[{"name":"wp","href":"https:\/\/api.w.org\/{rel}","templated":true}]}}