{"id":1506,"date":"2021-05-12T21:57:43","date_gmt":"2021-05-12T19:57:43","guid":{"rendered":"https:\/\/peter-hess-muehle.de\/shop\/produkt\/knierolle-l-64x25-ocream\/"},"modified":"2022-03-05T18:16:43","modified_gmt":"2022-03-05T17:16:43","slug":"knierolle-l-64x25-ocream","status":"publish","type":"product","link":"https:\/\/peter-hess-muehle.de\/shop\/produkt\/knierolle-l-64x25-ocream\/","title":{"rendered":"Knierolle L (64&#215;25 \u00d8)"},"content":{"rendered":"<p>Die Knierollen der &#8222;SANGMI&#8220; Produktserie wurden urspr\u00fcnglich als Unterlage f\u00fcr die Klangmassage nach Peter Hess entworfen und exklusiv in Nepal produziert. Heute werden diese aus strapazierf\u00e4higer Baumwolle hergestellten Beinunterlagen in der Klangarbeit aber auch als Meditationshilfe oder beim Yoga gerne eingesetzt.<\/p>\n","protected":false},"excerpt":{"rendered":"<p>\u00d8: 25 cm<br \/>\nL\u00e4nge: 64 cm<\/p>\n","protected":false},"featured_media":4960,"template":"","meta":{"_et_pb_use_builder":"","_et_pb_old_content":"","_et_gb_content_width":""},"product_brand":[],"product_cat":[88,57],"product_tag":[],"class_list":{"0":"post-1506","1":"product","2":"type-product","3":"status-publish","4":"has-post-thumbnail","6":"product_cat-knie-nackenrollen","7":"product_cat-lagern","9":"first","10":"instock","11":"taxable","12":"shipping-taxable","13":"purchasable","14":"product-type-variable"},"_links":{"self":[{"href":"https:\/\/peter-hess-muehle.de\/shop\/wp-json\/wp\/v2\/product\/1506","targetHints":{"allow":["GET"]}}],"collection":[{"href":"https:\/\/peter-hess-muehle.de\/shop\/wp-json\/wp\/v2\/product"}],"about":[{"href":"https:\/\/peter-hess-muehle.de\/shop\/wp-json\/wp\/v2\/types\/product"}],"wp:featuredmedia":[{"embeddable":true,"href":"https:\/\/peter-hess-muehle.de\/shop\/wp-json\/wp\/v2\/media\/4960"}],"wp:attachment":[{"href":"https:\/\/peter-hess-muehle.de\/shop\/wp-json\/wp\/v2\/media?parent=1506"}],"wp:term":[{"taxonomy":"product_brand","embeddable":true,"href":"https:\/\/peter-hess-muehle.de\/shop\/wp-json\/wp\/v2\/product_brand?post=1506"},{"taxonomy":"product_cat","embeddable":true,"href":"https:\/\/peter-hess-muehle.de\/shop\/wp-json\/wp\/v2\/product_cat?post=1506"},{"taxonomy":"product_tag","embeddable":true,"href":"https:\/\/peter-hess-muehle.de\/shop\/wp-json\/wp\/v2\/product_tag?post=1506"}],"curies":[{"name":"wp","href":"https:\/\/api.w.org\/{rel}","templated":true}]}}