{"id":1529,"date":"2021-05-12T23:19:55","date_gmt":"2021-05-12T21:19:55","guid":{"rendered":"https:\/\/peter-hess-muehle.de\/shop\/produkt\/medi-kissen-m-32-10cream\/"},"modified":"2022-03-05T10:38:43","modified_gmt":"2022-03-05T09:38:43","slug":"medi-kissen-m-32-10cream","status":"publish","type":"product","link":"https:\/\/peter-hess-muehle.de\/shop\/produkt\/medi-kissen-m-32-10cream\/","title":{"rendered":"Meditationskissen rund M"},"content":{"rendered":"<p><strong>&#8222;SANGMI&#8220; Meditationskissen<\/strong><\/p>\n<p>Klangschalenauflage aus Baumwolle aus dem Hause Chandra Handicraft f\u00fcr die bequeme Klangarbeit. Gut geeignet f\u00fcr Klangmassage, Meditation und Yoga. In den Farben beige,blau, bordeaux &amp; gelb erh\u00e4ltlich.<\/p>\n","protected":false},"excerpt":{"rendered":"<p>\u00d8: 32 cm<br \/>\nH\u00f6he: 10 cm<br \/>\nFarben: beige, blau, bordeaux, gelb<br \/>\nBaumwollbezug<br \/>\nKapokf\u00fcllung<\/p>\n","protected":false},"featured_media":5578,"template":"","meta":{"_et_pb_use_builder":"","_et_pb_old_content":"","_et_gb_content_width":""},"product_brand":[],"product_cat":[88,57],"product_tag":[],"class_list":{"0":"post-1529","1":"product","2":"type-product","3":"status-publish","4":"has-post-thumbnail","6":"product_cat-knie-nackenrollen","7":"product_cat-lagern","9":"first","10":"instock","11":"taxable","12":"shipping-taxable","13":"purchasable","14":"product-type-variable"},"_links":{"self":[{"href":"https:\/\/peter-hess-muehle.de\/shop\/wp-json\/wp\/v2\/product\/1529","targetHints":{"allow":["GET"]}}],"collection":[{"href":"https:\/\/peter-hess-muehle.de\/shop\/wp-json\/wp\/v2\/product"}],"about":[{"href":"https:\/\/peter-hess-muehle.de\/shop\/wp-json\/wp\/v2\/types\/product"}],"wp:featuredmedia":[{"embeddable":true,"href":"https:\/\/peter-hess-muehle.de\/shop\/wp-json\/wp\/v2\/media\/5578"}],"wp:attachment":[{"href":"https:\/\/peter-hess-muehle.de\/shop\/wp-json\/wp\/v2\/media?parent=1529"}],"wp:term":[{"taxonomy":"product_brand","embeddable":true,"href":"https:\/\/peter-hess-muehle.de\/shop\/wp-json\/wp\/v2\/product_brand?post=1529"},{"taxonomy":"product_cat","embeddable":true,"href":"https:\/\/peter-hess-muehle.de\/shop\/wp-json\/wp\/v2\/product_cat?post=1529"},{"taxonomy":"product_tag","embeddable":true,"href":"https:\/\/peter-hess-muehle.de\/shop\/wp-json\/wp\/v2\/product_tag?post=1529"}],"curies":[{"name":"wp","href":"https:\/\/api.w.org\/{rel}","templated":true}]}}