{"id":1547,"date":"2021-05-14T12:13:51","date_gmt":"2021-05-14T10:13:51","guid":{"rendered":"https:\/\/peter-hess-muehle.de\/shop\/produkt\/phi-kissenbeige\/"},"modified":"2023-06-28T18:37:17","modified_gmt":"2023-06-28T16:37:17","slug":"phi-kissenbeige","status":"publish","type":"product","link":"https:\/\/peter-hess-muehle.de\/shop\/produkt\/phi-kissenbeige\/","title":{"rendered":"PHI-Klangschalen-Kissen"},"content":{"rendered":"<p><strong>Dieses feste Kissen mit abnehmbaren Bezug eignet sich sowohl als Klangschalenkissen f\u00fcr gro\u00dfe Klangschalen, als auch als Sitzkissen. Hochwertige Stoffqualit\u00e4t. Innenkissen ist mit Bezug aus Obermaterial gefertigt.<\/strong><\/p>\n<p>Trageschlaufe mit Stickerei (PHI).<\/p>\n","protected":false},"excerpt":{"rendered":"<p>\u00d8: 26 cm<br \/>\nGewicht: 0,9 kg<br \/>\nH\u00f6he: 10 cm<br \/>\nDurchmesser: 26 cm<br \/>\nObermaterial und F\u00fcllung: 100 % Baumwolle<\/p>\n","protected":false},"featured_media":4955,"template":"","meta":{"_et_pb_use_builder":"","_et_pb_old_content":"","_et_gb_content_width":""},"product_brand":[],"product_cat":[88,57],"product_tag":[],"class_list":{"0":"post-1547","1":"product","2":"type-product","3":"status-publish","4":"has-post-thumbnail","6":"product_cat-knie-nackenrollen","7":"product_cat-lagern","9":"first","10":"instock","11":"taxable","12":"shipping-taxable","13":"purchasable","14":"product-type-variable"},"_links":{"self":[{"href":"https:\/\/peter-hess-muehle.de\/shop\/wp-json\/wp\/v2\/product\/1547","targetHints":{"allow":["GET"]}}],"collection":[{"href":"https:\/\/peter-hess-muehle.de\/shop\/wp-json\/wp\/v2\/product"}],"about":[{"href":"https:\/\/peter-hess-muehle.de\/shop\/wp-json\/wp\/v2\/types\/product"}],"wp:featuredmedia":[{"embeddable":true,"href":"https:\/\/peter-hess-muehle.de\/shop\/wp-json\/wp\/v2\/media\/4955"}],"wp:attachment":[{"href":"https:\/\/peter-hess-muehle.de\/shop\/wp-json\/wp\/v2\/media?parent=1547"}],"wp:term":[{"taxonomy":"product_brand","embeddable":true,"href":"https:\/\/peter-hess-muehle.de\/shop\/wp-json\/wp\/v2\/product_brand?post=1547"},{"taxonomy":"product_cat","embeddable":true,"href":"https:\/\/peter-hess-muehle.de\/shop\/wp-json\/wp\/v2\/product_cat?post=1547"},{"taxonomy":"product_tag","embeddable":true,"href":"https:\/\/peter-hess-muehle.de\/shop\/wp-json\/wp\/v2\/product_tag?post=1547"}],"curies":[{"name":"wp","href":"https:\/\/api.w.org\/{rel}","templated":true}]}}