{"id":1553,"date":"2021-05-14T14:09:46","date_gmt":"2021-05-14T12:09:46","guid":{"rendered":"https:\/\/peter-hess-muehle.de\/shop\/produkt\/chakra-kissen-beige\/"},"modified":"2022-03-04T19:03:41","modified_gmt":"2022-03-04T18:03:41","slug":"chakra-kissen-beige","status":"publish","type":"product","link":"https:\/\/peter-hess-muehle.de\/shop\/produkt\/chakra-kissen-beige\/","title":{"rendered":"Chakra-Kissen rund (26\/10)"},"content":{"rendered":"<p>Dieses feste Kissen mit abnehmbaren Bezug eignet sich sowohl als Klangschalenkissen f\u00fcr gro\u00dfe Klangschalen, als auch als Sitzkissen. Hochwertige Stoffqualit\u00e4t. Innenkissen ist mit Bezug aus Obermaterial gefertigt.<\/p>\n<p>Chakra Muster<\/p>\n","protected":false},"excerpt":{"rendered":"<p>Obermaterial und F\u00fcllung: 100 % Baumwolle<br \/>\nGewicht: 0,9 kg<br \/>\nH\u00f6he: 10 cm<br \/>\nDurchmesser: 26 cm<\/p>\n","protected":false},"featured_media":4356,"template":"","meta":{"_et_pb_use_builder":"","_et_pb_old_content":"","_et_gb_content_width":""},"product_brand":[],"product_cat":[88,57,80],"product_tag":[],"class_list":{"0":"post-1553","1":"product","2":"type-product","3":"status-publish","4":"has-post-thumbnail","6":"product_cat-knie-nackenrollen","7":"product_cat-lagern","8":"product_cat-yoga-kissen-lagerung","10":"first","11":"instock","12":"taxable","13":"shipping-taxable","14":"purchasable","15":"product-type-simple"},"_links":{"self":[{"href":"https:\/\/peter-hess-muehle.de\/shop\/wp-json\/wp\/v2\/product\/1553","targetHints":{"allow":["GET"]}}],"collection":[{"href":"https:\/\/peter-hess-muehle.de\/shop\/wp-json\/wp\/v2\/product"}],"about":[{"href":"https:\/\/peter-hess-muehle.de\/shop\/wp-json\/wp\/v2\/types\/product"}],"wp:featuredmedia":[{"embeddable":true,"href":"https:\/\/peter-hess-muehle.de\/shop\/wp-json\/wp\/v2\/media\/4356"}],"wp:attachment":[{"href":"https:\/\/peter-hess-muehle.de\/shop\/wp-json\/wp\/v2\/media?parent=1553"}],"wp:term":[{"taxonomy":"product_brand","embeddable":true,"href":"https:\/\/peter-hess-muehle.de\/shop\/wp-json\/wp\/v2\/product_brand?post=1553"},{"taxonomy":"product_cat","embeddable":true,"href":"https:\/\/peter-hess-muehle.de\/shop\/wp-json\/wp\/v2\/product_cat?post=1553"},{"taxonomy":"product_tag","embeddable":true,"href":"https:\/\/peter-hess-muehle.de\/shop\/wp-json\/wp\/v2\/product_tag?post=1553"}],"curies":[{"name":"wp","href":"https:\/\/api.w.org\/{rel}","templated":true}]}}