{"id":1588,"date":"2021-05-15T09:58:32","date_gmt":"2021-05-15T07:58:32","guid":{"rendered":"https:\/\/peter-hess-muehle.de\/shop\/produkt\/urvertrauen-tuch\/"},"modified":"2025-08-23T14:19:32","modified_gmt":"2025-08-23T12:19:32","slug":"urvertrauen-tuch","status":"publish","type":"product","link":"https:\/\/peter-hess-muehle.de\/shop\/produkt\/urvertrauen-tuch\/","title":{"rendered":"Urvertrauen-Klangmassage-Tuch"},"content":{"rendered":"<p><strong>Urvertrauen-Tuch<\/strong><\/p>\n<p>Feine transparente Baumwolle. F\u00fcr Urvertrauen Klangmassage, sorgt f\u00fcr ein wohlige vertraute Stimmung w\u00e4hrend der Massage.<\/p>\n","protected":false},"excerpt":{"rendered":"<p>Gr\u00f6\u00dfe: 200 x 230 cm<\/p>\n","protected":false},"featured_media":4937,"template":"","meta":{"_et_pb_use_builder":"","_et_pb_old_content":"","_et_gb_content_width":""},"product_brand":[],"product_cat":[57,90,91],"product_tag":[],"class_list":{"0":"post-1588","1":"product","2":"type-product","3":"status-publish","4":"has-post-thumbnail","6":"product_cat-lagern","7":"product_cat-lagerungsmaterial","8":"product_cat-textilien","10":"first","11":"instock","12":"taxable","13":"shipping-taxable","14":"purchasable","15":"product-type-simple"},"_links":{"self":[{"href":"https:\/\/peter-hess-muehle.de\/shop\/wp-json\/wp\/v2\/product\/1588","targetHints":{"allow":["GET"]}}],"collection":[{"href":"https:\/\/peter-hess-muehle.de\/shop\/wp-json\/wp\/v2\/product"}],"about":[{"href":"https:\/\/peter-hess-muehle.de\/shop\/wp-json\/wp\/v2\/types\/product"}],"wp:featuredmedia":[{"embeddable":true,"href":"https:\/\/peter-hess-muehle.de\/shop\/wp-json\/wp\/v2\/media\/4937"}],"wp:attachment":[{"href":"https:\/\/peter-hess-muehle.de\/shop\/wp-json\/wp\/v2\/media?parent=1588"}],"wp:term":[{"taxonomy":"product_brand","embeddable":true,"href":"https:\/\/peter-hess-muehle.de\/shop\/wp-json\/wp\/v2\/product_brand?post=1588"},{"taxonomy":"product_cat","embeddable":true,"href":"https:\/\/peter-hess-muehle.de\/shop\/wp-json\/wp\/v2\/product_cat?post=1588"},{"taxonomy":"product_tag","embeddable":true,"href":"https:\/\/peter-hess-muehle.de\/shop\/wp-json\/wp\/v2\/product_tag?post=1588"}],"curies":[{"name":"wp","href":"https:\/\/api.w.org\/{rel}","templated":true}]}}