{"id":1690,"date":"2021-05-16T19:12:12","date_gmt":"2021-05-16T17:12:12","guid":{"rendered":"https:\/\/peter-hess-muehle.de\/shop\/produkt\/klangschalenbeutel-1bordeaux\/"},"modified":"2025-08-17T14:06:29","modified_gmt":"2025-08-17T12:06:29","slug":"klangschalenbeutel-1bordeaux","status":"publish","type":"product","link":"https:\/\/peter-hess-muehle.de\/shop\/produkt\/klangschalenbeutel-1bordeaux\/","title":{"rendered":"Klangschalenbeutel 1 f\u00fcr kl.Herzschale (\u00d8 17 cm)"},"content":{"rendered":"<p><strong>Klangschalenbeutel 1<\/strong><\/p>\n<p>Klangschalenbeutel gibt es in 4 verschiedenen Gr\u00f6\u00dfen f\u00fcr unsere Klangschalen. Die Beutel sind am Boden gepolstert und die Klangschalen k\u00f6nnen gut hineingestellt werden.<\/p>\n<p>Farben: Bordeaux mit schwarzen Eins\u00e4tzen auf der Unterseite oder beige mit safranfarbenen Eins\u00e4tzen.<\/p>\n<p>Die Taschen sind aus einem robusten Baumwollstoff gefertigt und handwaschbar.<\/p>\n<p>F\u00fcr die kleine Herzschale.<\/p>\n","protected":false},"excerpt":{"rendered":"<p>\u00d8: ca. 17,5 cm<br \/>\nH\u00f6he: ca. 25 cm<br \/>\nFarbe: beige, bordeaux, braun, grau<\/p>\n","protected":false},"featured_media":4922,"template":"","meta":{"_et_pb_use_builder":"","_et_pb_old_content":"","_et_gb_content_width":""},"product_brand":[],"product_cat":[87],"product_tag":[],"class_list":{"0":"post-1690","1":"product","2":"type-product","3":"status-publish","4":"has-post-thumbnail","6":"product_cat-beutel-taschen","8":"first","9":"instock","10":"taxable","11":"shipping-taxable","12":"purchasable","13":"product-type-variable"},"_links":{"self":[{"href":"https:\/\/peter-hess-muehle.de\/shop\/wp-json\/wp\/v2\/product\/1690","targetHints":{"allow":["GET"]}}],"collection":[{"href":"https:\/\/peter-hess-muehle.de\/shop\/wp-json\/wp\/v2\/product"}],"about":[{"href":"https:\/\/peter-hess-muehle.de\/shop\/wp-json\/wp\/v2\/types\/product"}],"wp:featuredmedia":[{"embeddable":true,"href":"https:\/\/peter-hess-muehle.de\/shop\/wp-json\/wp\/v2\/media\/4922"}],"wp:attachment":[{"href":"https:\/\/peter-hess-muehle.de\/shop\/wp-json\/wp\/v2\/media?parent=1690"}],"wp:term":[{"taxonomy":"product_brand","embeddable":true,"href":"https:\/\/peter-hess-muehle.de\/shop\/wp-json\/wp\/v2\/product_brand?post=1690"},{"taxonomy":"product_cat","embeddable":true,"href":"https:\/\/peter-hess-muehle.de\/shop\/wp-json\/wp\/v2\/product_cat?post=1690"},{"taxonomy":"product_tag","embeddable":true,"href":"https:\/\/peter-hess-muehle.de\/shop\/wp-json\/wp\/v2\/product_tag?post=1690"}],"curies":[{"name":"wp","href":"https:\/\/api.w.org\/{rel}","templated":true}]}}