{"id":1953,"date":"2021-05-23T22:39:23","date_gmt":"2021-05-23T20:39:23","guid":{"rendered":"https:\/\/peter-hess-muehle.de\/shop\/produkt\/kkf-08beige\/"},"modified":"2022-02-17T10:48:22","modified_gmt":"2022-02-17T09:48:22","slug":"kkf-08beige","status":"publish","type":"product","link":"https:\/\/peter-hess-muehle.de\/shop\/produkt\/kkf-08beige\/","title":{"rendered":"Baumwolluntersetzer f\u00fcr Assam,Zenschale (\u00d8 8 cm)"},"content":{"rendered":"<p><strong>Baumwolluntersetzer \u00d8 8 cm<\/strong><\/p>\n<p>Geeignet f\u00fcr Assam, Zen, Kopf,- und kleine BENGALI Klangschalen. <\/p>\n","protected":false},"excerpt":{"rendered":"<p>\u00d8: 8 cm<br \/>\nH\u00f6he: 4 cm<\/p>\n","protected":false},"featured_media":4906,"template":"","meta":{"_et_pb_use_builder":"","_et_pb_old_content":"","_et_gb_content_width":""},"product_brand":[],"product_cat":[70],"product_tag":[],"class_list":{"0":"post-1953","1":"product","2":"type-product","3":"status-publish","4":"has-post-thumbnail","6":"product_cat-baumwolluntersetzer","8":"first","9":"instock","10":"taxable","11":"shipping-taxable","12":"purchasable","13":"product-type-variable"},"_links":{"self":[{"href":"https:\/\/peter-hess-muehle.de\/shop\/wp-json\/wp\/v2\/product\/1953","targetHints":{"allow":["GET"]}}],"collection":[{"href":"https:\/\/peter-hess-muehle.de\/shop\/wp-json\/wp\/v2\/product"}],"about":[{"href":"https:\/\/peter-hess-muehle.de\/shop\/wp-json\/wp\/v2\/types\/product"}],"wp:featuredmedia":[{"embeddable":true,"href":"https:\/\/peter-hess-muehle.de\/shop\/wp-json\/wp\/v2\/media\/4906"}],"wp:attachment":[{"href":"https:\/\/peter-hess-muehle.de\/shop\/wp-json\/wp\/v2\/media?parent=1953"}],"wp:term":[{"taxonomy":"product_brand","embeddable":true,"href":"https:\/\/peter-hess-muehle.de\/shop\/wp-json\/wp\/v2\/product_brand?post=1953"},{"taxonomy":"product_cat","embeddable":true,"href":"https:\/\/peter-hess-muehle.de\/shop\/wp-json\/wp\/v2\/product_cat?post=1953"},{"taxonomy":"product_tag","embeddable":true,"href":"https:\/\/peter-hess-muehle.de\/shop\/wp-json\/wp\/v2\/product_tag?post=1953"}],"curies":[{"name":"wp","href":"https:\/\/api.w.org\/{rel}","templated":true}]}}