{"id":1989,"date":"2021-05-25T20:59:00","date_gmt":"2021-05-25T18:59:00","guid":{"rendered":"https:\/\/peter-hess-muehle.de\/shop\/produkt\/kkf-15beige\/"},"modified":"2022-03-04T18:30:34","modified_gmt":"2022-03-04T17:30:34","slug":"kkf-15beige","status":"publish","type":"product","link":"https:\/\/peter-hess-muehle.de\/shop\/produkt\/kkf-15beige\/","title":{"rendered":"Baumwolluntersetzer f\u00fcr Gelenk, kl. &#038; gr.Herzschale (\u00d8 15 cm)"},"content":{"rendered":"<p><strong>Baumwolluntersetzer \u00d8 15 cm<\/strong><\/p>\n<p>Geeignet f\u00fcr Gelenk- und Universalschale, kleine und gro\u00dfe Herzschalen.<\/p>\n","protected":false},"excerpt":{"rendered":"<p>\u00d8: 15 cm<br \/>\nH\u00f6he: 5 cm<\/p>\n","protected":false},"featured_media":4906,"template":"","meta":{"_et_pb_use_builder":"","_et_pb_old_content":"","_et_gb_content_width":""},"product_brand":[],"product_cat":[70,68],"product_tag":[],"class_list":{"0":"post-1989","1":"product","2":"type-product","3":"status-publish","4":"has-post-thumbnail","6":"product_cat-baumwolluntersetzer","7":"product_cat-untersetzer","9":"first","10":"instock","11":"taxable","12":"shipping-taxable","13":"purchasable","14":"product-type-variable"},"_links":{"self":[{"href":"https:\/\/peter-hess-muehle.de\/shop\/wp-json\/wp\/v2\/product\/1989","targetHints":{"allow":["GET"]}}],"collection":[{"href":"https:\/\/peter-hess-muehle.de\/shop\/wp-json\/wp\/v2\/product"}],"about":[{"href":"https:\/\/peter-hess-muehle.de\/shop\/wp-json\/wp\/v2\/types\/product"}],"wp:featuredmedia":[{"embeddable":true,"href":"https:\/\/peter-hess-muehle.de\/shop\/wp-json\/wp\/v2\/media\/4906"}],"wp:attachment":[{"href":"https:\/\/peter-hess-muehle.de\/shop\/wp-json\/wp\/v2\/media?parent=1989"}],"wp:term":[{"taxonomy":"product_brand","embeddable":true,"href":"https:\/\/peter-hess-muehle.de\/shop\/wp-json\/wp\/v2\/product_brand?post=1989"},{"taxonomy":"product_cat","embeddable":true,"href":"https:\/\/peter-hess-muehle.de\/shop\/wp-json\/wp\/v2\/product_cat?post=1989"},{"taxonomy":"product_tag","embeddable":true,"href":"https:\/\/peter-hess-muehle.de\/shop\/wp-json\/wp\/v2\/product_tag?post=1989"}],"curies":[{"name":"wp","href":"https:\/\/api.w.org\/{rel}","templated":true}]}}