{"id":2190,"date":"2021-06-04T21:38:34","date_gmt":"2021-06-04T19:38:34","guid":{"rendered":"https:\/\/peter-hess-muehle.de\/shop\/produkt\/zaphir-blue-moon-winter\/"},"modified":"2026-01-12T15:39:30","modified_gmt":"2026-01-12T14:39:30","slug":"zaphir-blue-moon-winter","status":"publish","type":"product","link":"https:\/\/peter-hess-muehle.de\/shop\/produkt\/zaphir-blue-moon-winter\/","title":{"rendered":"Zaphir- Blue Moon &#8211; Winter"},"content":{"rendered":"<p><strong>Zaphir &#8211; blue moon &#8211; Winter<\/strong><\/p>\n<p>Sobald das Zaphir Klangspiel in Schwingung ger\u00e4t, ber\u00fchrt ein kleines Pl\u00e4ttchen im Inneren des Klang-Zylinders sanft acht unterschiedlich lange St\u00e4be, die am Boden des Klang-Zylinders im Kreis angeordnet sind.<\/p>\n<p>Zu h\u00f6ren sind zauberhafte, harmonische, sehr melodi\u00f6se Akkorde.<\/p>\n","protected":false},"excerpt":{"rendered":"<p>Zaphir-Winter Blue moon mit folgender Stimmung: D F A B C E A# C<br \/>\nFarbe: blau<br \/>\nGewicht: 150 g<br \/>\nDurchmesser: 6,5 cm<br \/>\nH\u00f6he: 12,5 cm<\/p>\n","protected":false},"featured_media":4992,"template":"","meta":{"_et_pb_use_builder":"","_et_pb_old_content":"","_et_gb_content_width":""},"product_brand":[],"product_cat":[56,85],"product_tag":[],"class_list":{"0":"post-2190","1":"product","2":"type-product","3":"status-publish","4":"has-post-thumbnail","6":"product_cat-klangspiele","7":"product_cat-zaphir-klangspiele","9":"first","10":"instock","11":"taxable","12":"shipping-taxable","13":"purchasable","14":"product-type-simple"},"_links":{"self":[{"href":"https:\/\/peter-hess-muehle.de\/shop\/wp-json\/wp\/v2\/product\/2190","targetHints":{"allow":["GET"]}}],"collection":[{"href":"https:\/\/peter-hess-muehle.de\/shop\/wp-json\/wp\/v2\/product"}],"about":[{"href":"https:\/\/peter-hess-muehle.de\/shop\/wp-json\/wp\/v2\/types\/product"}],"wp:featuredmedia":[{"embeddable":true,"href":"https:\/\/peter-hess-muehle.de\/shop\/wp-json\/wp\/v2\/media\/4992"}],"wp:attachment":[{"href":"https:\/\/peter-hess-muehle.de\/shop\/wp-json\/wp\/v2\/media?parent=2190"}],"wp:term":[{"taxonomy":"product_brand","embeddable":true,"href":"https:\/\/peter-hess-muehle.de\/shop\/wp-json\/wp\/v2\/product_brand?post=2190"},{"taxonomy":"product_cat","embeddable":true,"href":"https:\/\/peter-hess-muehle.de\/shop\/wp-json\/wp\/v2\/product_cat?post=2190"},{"taxonomy":"product_tag","embeddable":true,"href":"https:\/\/peter-hess-muehle.de\/shop\/wp-json\/wp\/v2\/product_tag?post=2190"}],"curies":[{"name":"wp","href":"https:\/\/api.w.org\/{rel}","templated":true}]}}