{"id":2193,"date":"2021-06-04T22:34:09","date_gmt":"2021-06-04T20:34:09","guid":{"rendered":"https:\/\/peter-hess-muehle.de\/shop\/produkt\/zaphir-sunray-sommer\/"},"modified":"2026-01-12T15:39:06","modified_gmt":"2026-01-12T14:39:06","slug":"zaphir-sunray-sommer","status":"publish","type":"product","link":"https:\/\/peter-hess-muehle.de\/shop\/produkt\/zaphir-sunray-sommer\/","title":{"rendered":"Zaphir- Sunray &#8211; Sommer"},"content":{"rendered":"<p><strong>Zaphir &#8211; sunray &#8211; Sommer<\/strong><\/p>\n<p>Sobald das Zaphir Klangspiel in Schwingung ger\u00e4t, ber\u00fchrt ein kleines Pl\u00e4ttchen im Inneren des Klang-Zylinders sanft acht unterschiedlich lange St\u00e4be, die am Boden des Klang-Zylinders im Kreis angeordnet sind.<\/p>\n<p>Zu h\u00f6ren sind zauberhafte, harmonische, sehr melodi\u00f6se Akkorde.<br \/>\nDie einzigartigen \u201eZaphir Klangspiele\u201c sind Musikinstrumente von hochwertiger Qualit\u00e4t, handgefertigt in Frankreich, in den Pyren\u00e4en.<\/p>\n<p>Es gibt die Klangspiele in mehreren Stimmungen, wovon jedes ihr eigenes magisches Timbre hat.<\/p>\n<p>Optisch ist jedes Zaphir einzigartig, ein Unikat. Die \u00e4u\u00dfere H\u00fclle wird in unterschiedlichen Farbnuancen mit einer speziell entwickelten Marmoriertechnik gestaltet.<\/p>\n","protected":false},"excerpt":{"rendered":"<p>Zaphir-Sommer mit folgender Stimmung: G# B C# E G# E A C#<br \/>\nFarbe: gelb<br \/>\nGewicht: 150 g<br \/>\nDurchmesser: 6,5 cm<br \/>\nH\u00f6he: 12,5 cm<\/p>\n","protected":false},"featured_media":4987,"template":"","meta":{"_et_pb_use_builder":"","_et_pb_old_content":"","_et_gb_content_width":""},"product_brand":[],"product_cat":[56,85],"product_tag":[],"class_list":{"0":"post-2193","1":"product","2":"type-product","3":"status-publish","4":"has-post-thumbnail","6":"product_cat-klangspiele","7":"product_cat-zaphir-klangspiele","9":"first","10":"instock","11":"taxable","12":"shipping-taxable","13":"purchasable","14":"product-type-simple"},"_links":{"self":[{"href":"https:\/\/peter-hess-muehle.de\/shop\/wp-json\/wp\/v2\/product\/2193","targetHints":{"allow":["GET"]}}],"collection":[{"href":"https:\/\/peter-hess-muehle.de\/shop\/wp-json\/wp\/v2\/product"}],"about":[{"href":"https:\/\/peter-hess-muehle.de\/shop\/wp-json\/wp\/v2\/types\/product"}],"wp:featuredmedia":[{"embeddable":true,"href":"https:\/\/peter-hess-muehle.de\/shop\/wp-json\/wp\/v2\/media\/4987"}],"wp:attachment":[{"href":"https:\/\/peter-hess-muehle.de\/shop\/wp-json\/wp\/v2\/media?parent=2193"}],"wp:term":[{"taxonomy":"product_brand","embeddable":true,"href":"https:\/\/peter-hess-muehle.de\/shop\/wp-json\/wp\/v2\/product_brand?post=2193"},{"taxonomy":"product_cat","embeddable":true,"href":"https:\/\/peter-hess-muehle.de\/shop\/wp-json\/wp\/v2\/product_cat?post=2193"},{"taxonomy":"product_tag","embeddable":true,"href":"https:\/\/peter-hess-muehle.de\/shop\/wp-json\/wp\/v2\/product_tag?post=2193"}],"curies":[{"name":"wp","href":"https:\/\/api.w.org\/{rel}","templated":true}]}}