{"id":2194,"date":"2021-06-04T22:39:15","date_gmt":"2021-06-04T20:39:15","guid":{"rendered":"https:\/\/peter-hess-muehle.de\/shop\/produkt\/zaphir-twilight-herbst\/"},"modified":"2026-01-12T15:38:55","modified_gmt":"2026-01-12T14:38:55","slug":"zaphir-twilight-herbst","status":"publish","type":"product","link":"https:\/\/peter-hess-muehle.de\/shop\/produkt\/zaphir-twilight-herbst\/","title":{"rendered":"Zaphir- Twilight &#8211; Herbst"},"content":{"rendered":"<p><strong>Zaphir -Twilight &#8211; Herbst<\/strong><\/p>\n<p>Die einzigartigen \u201eZaphir Klangspiele\u201c sind Musikinstrumente von hochwertiger Qualit\u00e4t, handgefertigt in Frankreich, in den Pyren\u00e4en.<\/p>\n<p>Es gibt die Klangspiele in mehreren Stimmungen, wovon jedes ihr eigenes magisches Timbre hat.<\/p>\n<p>Optisch ist jedes Zaphir einzigartig, ein Unikat. Die \u00e4u\u00dfere H\u00fclle wird in unterschiedlichen Farbnuancen mit einer speziell entwickelten Marmoriertechnik gestaltet.<\/p>\n","protected":false},"excerpt":{"rendered":"<p>Zaphir-Herbst mit folgender Stimmung: E G B C E G B C<br \/>\nFarbe: gelb<br \/>\nGewicht: 150 g<br \/>\nDurchmesser: 6,5 cm<br \/>\nH\u00f6he: 12,5 cm<\/p>\n","protected":false},"featured_media":4986,"template":"","meta":{"_et_pb_use_builder":"","_et_pb_old_content":"","_et_gb_content_width":""},"product_brand":[],"product_cat":[56,85],"product_tag":[],"class_list":{"0":"post-2194","1":"product","2":"type-product","3":"status-publish","4":"has-post-thumbnail","6":"product_cat-klangspiele","7":"product_cat-zaphir-klangspiele","9":"first","10":"instock","11":"taxable","12":"shipping-taxable","13":"purchasable","14":"product-type-simple"},"_links":{"self":[{"href":"https:\/\/peter-hess-muehle.de\/shop\/wp-json\/wp\/v2\/product\/2194","targetHints":{"allow":["GET"]}}],"collection":[{"href":"https:\/\/peter-hess-muehle.de\/shop\/wp-json\/wp\/v2\/product"}],"about":[{"href":"https:\/\/peter-hess-muehle.de\/shop\/wp-json\/wp\/v2\/types\/product"}],"wp:featuredmedia":[{"embeddable":true,"href":"https:\/\/peter-hess-muehle.de\/shop\/wp-json\/wp\/v2\/media\/4986"}],"wp:attachment":[{"href":"https:\/\/peter-hess-muehle.de\/shop\/wp-json\/wp\/v2\/media?parent=2194"}],"wp:term":[{"taxonomy":"product_brand","embeddable":true,"href":"https:\/\/peter-hess-muehle.de\/shop\/wp-json\/wp\/v2\/product_brand?post=2194"},{"taxonomy":"product_cat","embeddable":true,"href":"https:\/\/peter-hess-muehle.de\/shop\/wp-json\/wp\/v2\/product_cat?post=2194"},{"taxonomy":"product_tag","embeddable":true,"href":"https:\/\/peter-hess-muehle.de\/shop\/wp-json\/wp\/v2\/product_tag?post=2194"}],"curies":[{"name":"wp","href":"https:\/\/api.w.org\/{rel}","templated":true}]}}