{"id":2347,"date":"2021-12-04T09:07:35","date_gmt":"2021-12-04T08:07:35","guid":{"rendered":"https:\/\/peter-hess-muehle.de\/shop\/produkt\/pgm-j-o-70-dunkelblau\/"},"modified":"2022-03-07T00:00:17","modified_gmt":"2022-03-06T23:00:17","slug":"pgm-j-o-70-dunkelblau","status":"publish","type":"product","link":"https:\/\/peter-hess-muehle.de\/shop\/produkt\/pgm-j-o-70-dunkelblau\/","title":{"rendered":"PGM-J.O-70"},"content":{"rendered":"<p><strong>Profi Gong Mallet &#8211; J.O-70-Pl\u00fcsch-Filz<\/strong><\/p>\n<p>Unser Profi Gong Mallet J.O.-70 hat es doppelt in sich: Er l\u00e4sst er sich beidseitig spielen. Neuartig ist die Kombination mit einer wei\u00dfen Filzkugel am Stielende des Schl\u00e4gels.<\/p>\n<p>Doppelt kreativ: Der Profi Gong Mallet J.O.-70 ist beidseitig spielbar und erlaubt es dir, eine noch gr\u00f6\u00dfere Vielfalt an Kl\u00e4ngen mit nur einem Schl\u00e4gel zu entdecken. Mit der Filzkugel lassen sich wundersch\u00f6n helle T\u00f6ne erzeugen, mit dem Fleece-ummantelten Kopf kannst du eine breite Vielfalt von beeindruckenden Kl\u00e4ngen und Schwingungen entstehen lassen.<\/p>\n<p>Durch die beiden K\u00f6pfe ensteht eine perfekt Balance, so dass der Mallet in jeder Haltung gut in deiner Hand liegt. Eine Besonderheit ist au\u00dferdem der lange Griff, der dir nicht nur Spielfreiheit gibt, er sorgt dazu f\u00fcr eine r\u00fcckenschonende Haltung.<\/p>\n<p>Ob Klangreisen, Klangmeditationen, Klangseminare, Klangkonzerte oder intuitives Spielen \u2013 der Profi Gong Mallet J.O.-70 ist f\u00fcr nahezu jedes Klangerlebnis geeignet.<\/p>\n<p>Einsatzgebiete: Gongs mit einem Durchmesser von 40 cm bis 2 m \/ Klangschalen ab 700 g<\/p>\n","protected":false},"excerpt":{"rendered":"<p>T\u00f6ne: helle T\u00f6ne und breite Klangfarbensymphonie<\/td>\n<p>Gewicht: ca. 100 g<br \/>\nGriffl\u00e4nge: ca. 39 cm<br \/>\nGesamtl\u00e4nge: ca. 40 cm<br \/>\nGriff \u00f8: ca. 12 mm<br \/>\nKopf \u00f8: ca. 5 cm und 5,5 cm<br \/>\nMaterial: biologisch gewachste Buche \/ Naturkautschukkern, ummantelt mit Wellness-Fleece \/ Filz<br \/>\nFarben: dunkelblau, gelb, plum, rot, taube<\/p>\n","protected":false},"featured_media":2819,"template":"","meta":{"_et_pb_use_builder":"","_et_pb_old_content":"","_et_gb_content_width":""},"product_brand":[],"product_cat":[81,83],"product_tag":[],"class_list":{"0":"post-2347","1":"product","2":"type-product","3":"status-publish","4":"has-post-thumbnail","6":"product_cat-doppelschlaegel","7":"product_cat-gong-mallets","9":"first","10":"instock","11":"taxable","12":"shipping-taxable","13":"purchasable","14":"product-type-variable"},"_links":{"self":[{"href":"https:\/\/peter-hess-muehle.de\/shop\/wp-json\/wp\/v2\/product\/2347","targetHints":{"allow":["GET"]}}],"collection":[{"href":"https:\/\/peter-hess-muehle.de\/shop\/wp-json\/wp\/v2\/product"}],"about":[{"href":"https:\/\/peter-hess-muehle.de\/shop\/wp-json\/wp\/v2\/types\/product"}],"wp:featuredmedia":[{"embeddable":true,"href":"https:\/\/peter-hess-muehle.de\/shop\/wp-json\/wp\/v2\/media\/2819"}],"wp:attachment":[{"href":"https:\/\/peter-hess-muehle.de\/shop\/wp-json\/wp\/v2\/media?parent=2347"}],"wp:term":[{"taxonomy":"product_brand","embeddable":true,"href":"https:\/\/peter-hess-muehle.de\/shop\/wp-json\/wp\/v2\/product_brand?post=2347"},{"taxonomy":"product_cat","embeddable":true,"href":"https:\/\/peter-hess-muehle.de\/shop\/wp-json\/wp\/v2\/product_cat?post=2347"},{"taxonomy":"product_tag","embeddable":true,"href":"https:\/\/peter-hess-muehle.de\/shop\/wp-json\/wp\/v2\/product_tag?post=2347"}],"curies":[{"name":"wp","href":"https:\/\/api.w.org\/{rel}","templated":true}]}}