{"id":2531,"date":"2021-12-05T17:48:19","date_gmt":"2021-12-05T16:48:19","guid":{"rendered":"https:\/\/peter-hess-muehle.de\/shop\/produkt\/zaphir-crystalide-fruehling\/"},"modified":"2026-01-12T15:38:42","modified_gmt":"2026-01-12T14:38:42","slug":"zaphir-crystalide-fruehling","status":"publish","type":"product","link":"https:\/\/peter-hess-muehle.de\/shop\/produkt\/zaphir-crystalide-fruehling\/","title":{"rendered":"Zaphir- Crystalide -Fr\u00fchling"},"content":{"rendered":"<p><strong>Zaphir- Crystalide &#8211; Fr\u00fchling<\/strong><\/p>\n<p>Sobald das Zaphir Klangspiel in Schwingung ger\u00e4t, ber\u00fchrt ein kleines Pl\u00e4ttchen im Inneren des Klang-Zylinders sanft acht unterschiedlich lange St\u00e4be, die am Boden des Klang-Zylinders im Kreis angeordnet sind.<\/p>\n<p>Zu h\u00f6ren sind zauberhafte, harmonische, sehr melodi\u00f6se Akkorde.<\/p>\n","protected":false},"excerpt":{"rendered":"<p>Zaphir-Fr\u00fchling mit folgender Stimmung: G A B D A G B D<br \/>\nFarbe: gr\u00fcn<br \/>\nGewicht: 150 g<br \/>\nDurchmesser: 6,5 cm<br \/>\nH\u00f6he: 12,5 cm<\/p>\n","protected":false},"featured_media":4984,"template":"","meta":{"_et_pb_use_builder":"","_et_pb_old_content":"","_et_gb_content_width":""},"product_brand":[],"product_cat":[85],"product_tag":[],"class_list":{"0":"post-2531","1":"product","2":"type-product","3":"status-publish","4":"has-post-thumbnail","6":"product_cat-zaphir-klangspiele","8":"first","9":"instock","10":"taxable","11":"shipping-taxable","12":"purchasable","13":"product-type-simple"},"_links":{"self":[{"href":"https:\/\/peter-hess-muehle.de\/shop\/wp-json\/wp\/v2\/product\/2531","targetHints":{"allow":["GET"]}}],"collection":[{"href":"https:\/\/peter-hess-muehle.de\/shop\/wp-json\/wp\/v2\/product"}],"about":[{"href":"https:\/\/peter-hess-muehle.de\/shop\/wp-json\/wp\/v2\/types\/product"}],"wp:featuredmedia":[{"embeddable":true,"href":"https:\/\/peter-hess-muehle.de\/shop\/wp-json\/wp\/v2\/media\/4984"}],"wp:attachment":[{"href":"https:\/\/peter-hess-muehle.de\/shop\/wp-json\/wp\/v2\/media?parent=2531"}],"wp:term":[{"taxonomy":"product_brand","embeddable":true,"href":"https:\/\/peter-hess-muehle.de\/shop\/wp-json\/wp\/v2\/product_brand?post=2531"},{"taxonomy":"product_cat","embeddable":true,"href":"https:\/\/peter-hess-muehle.de\/shop\/wp-json\/wp\/v2\/product_cat?post=2531"},{"taxonomy":"product_tag","embeddable":true,"href":"https:\/\/peter-hess-muehle.de\/shop\/wp-json\/wp\/v2\/product_tag?post=2531"}],"curies":[{"name":"wp","href":"https:\/\/api.w.org\/{rel}","templated":true}]}}