{"id":2554,"date":"2022-01-14T22:00:34","date_gmt":"2022-01-14T21:00:34","guid":{"rendered":"https:\/\/peter-hess-muehle.de\/shop\/produkt\/stranddecke-blume-des-lebens\/"},"modified":"2023-05-28T11:06:46","modified_gmt":"2023-05-28T09:06:46","slug":"stranddecke-blume-des-lebens","status":"publish","type":"product","link":"https:\/\/peter-hess-muehle.de\/shop\/produkt\/stranddecke-blume-des-lebens\/","title":{"rendered":"Stranddecke-Blume des Lebens"},"content":{"rendered":"<p>Eine Baumwolldecke, wundersch\u00f6n in weiss und goldfarbig, mit dem Symbol der Blume des Lebens.<br \/>\nSie kann sowohl als Strand- als auch als Picknickdecke verwendet werden.<br \/>\nPflegehinweis: Handw\u00e4sche 30 Grad, separat waschen, eventuell einen Schuss Essig hinzuf\u00fcgen, um die herrlichen Farben so lange wie m\u00f6glich zu bewahren.<\/p>\n","protected":false},"excerpt":{"rendered":"<p>Ma\u00dfe: 150 cm<br \/>\nGewicht: 550-650g<br \/>\nMaterial: Baumwolle<br \/>\nFarbe: Weiss &#8211; Gold<\/p>\n","protected":false},"featured_media":2601,"template":"","meta":{"_et_pb_use_builder":"","_et_pb_old_content":"","_et_gb_content_width":""},"product_brand":[],"product_cat":[80],"product_tag":[],"class_list":{"0":"post-2554","1":"product","2":"type-product","3":"status-publish","4":"has-post-thumbnail","6":"product_cat-yoga-kissen-lagerung","8":"first","9":"instock","10":"taxable","11":"shipping-taxable","12":"purchasable","13":"product-type-simple"},"_links":{"self":[{"href":"https:\/\/peter-hess-muehle.de\/shop\/wp-json\/wp\/v2\/product\/2554","targetHints":{"allow":["GET"]}}],"collection":[{"href":"https:\/\/peter-hess-muehle.de\/shop\/wp-json\/wp\/v2\/product"}],"about":[{"href":"https:\/\/peter-hess-muehle.de\/shop\/wp-json\/wp\/v2\/types\/product"}],"wp:featuredmedia":[{"embeddable":true,"href":"https:\/\/peter-hess-muehle.de\/shop\/wp-json\/wp\/v2\/media\/2601"}],"wp:attachment":[{"href":"https:\/\/peter-hess-muehle.de\/shop\/wp-json\/wp\/v2\/media?parent=2554"}],"wp:term":[{"taxonomy":"product_brand","embeddable":true,"href":"https:\/\/peter-hess-muehle.de\/shop\/wp-json\/wp\/v2\/product_brand?post=2554"},{"taxonomy":"product_cat","embeddable":true,"href":"https:\/\/peter-hess-muehle.de\/shop\/wp-json\/wp\/v2\/product_cat?post=2554"},{"taxonomy":"product_tag","embeddable":true,"href":"https:\/\/peter-hess-muehle.de\/shop\/wp-json\/wp\/v2\/product_tag?post=2554"}],"curies":[{"name":"wp","href":"https:\/\/api.w.org\/{rel}","templated":true}]}}