{"id":2573,"date":"2022-01-15T20:39:51","date_gmt":"2022-01-15T19:39:51","guid":{"rendered":"https:\/\/peter-hess-muehle.de\/shop\/produkt\/mala-kette-amazonit-mit-buddha\/"},"modified":"2023-10-05T11:45:11","modified_gmt":"2023-10-05T09:45:11","slug":"mala-kette-amazonit-mit-buddha","status":"publish","type":"product","link":"https:\/\/peter-hess-muehle.de\/shop\/produkt\/mala-kette-amazonit-mit-buddha\/","title":{"rendered":"Mala-Kette Amazonit, Buddha"},"content":{"rendered":"<p>Mala Kette Amazonit elastisch mit Buddha (ca,45cm lang)<\/p>\n<p>Auf Gummiband aufgezogen, kann darum auch als Armband getragen werden.<br \/>\nMit Brokatt\u00e4schchen.<\/p>\n<p>Eine Mala ist urspr\u00fcnglich eine Gebetskette aus dem Hinduismus und Buddhismus und wird in der Meditation verwendet, um Mantras zu z\u00e4hlen. Ein Mantra ist eine Sammlung von W\u00f6rtern, oft aus dem Sanskrit, die viele Male wiederholt wird &#8211; traditionell 108 mal. Man konzentriert sich auf die Bedeutung und Schwingung der W\u00f6rter &#8211; eventuell kombiniert mit einer begleitenden Visualisierung. Wenn Sie diese Meditationsform \u00fcben, kommen Ihre Gedanken zur Ruhe und Ihr K\u00f6rper entspannt sich. Gegenw\u00e4rtig wird eine Mala auch als modisches Accessoire getragen.<\/p>\n<p>Dieser Artikel ist nickel-, blei- und cadmiumfrei. Das bedeutet, dass diese Metalle entweder \u00fcberhaupt nicht enthalten sind oder in so geringen Mengen, dass sie unter die geltenden europ\u00e4ischen Normen f\u00fcr Produktsicherheit fallen.<\/p>\n","protected":false},"excerpt":{"rendered":"<p>Mala mit 108 Amazonitperlen.<br \/>\nMaterial: Zinklegierung<br \/>\nGesamtgewicht: 103 g<\/p>\n","protected":false},"featured_media":2624,"template":"","meta":{"_et_pb_use_builder":"","_et_pb_old_content":"","_et_gb_content_width":""},"product_brand":[],"product_cat":[145],"product_tag":[],"class_list":{"0":"post-2573","1":"product","2":"type-product","3":"status-publish","4":"has-post-thumbnail","6":"product_cat-malas","8":"first","9":"instock","10":"taxable","11":"shipping-taxable","12":"purchasable","13":"product-type-simple"},"_links":{"self":[{"href":"https:\/\/peter-hess-muehle.de\/shop\/wp-json\/wp\/v2\/product\/2573","targetHints":{"allow":["GET"]}}],"collection":[{"href":"https:\/\/peter-hess-muehle.de\/shop\/wp-json\/wp\/v2\/product"}],"about":[{"href":"https:\/\/peter-hess-muehle.de\/shop\/wp-json\/wp\/v2\/types\/product"}],"wp:featuredmedia":[{"embeddable":true,"href":"https:\/\/peter-hess-muehle.de\/shop\/wp-json\/wp\/v2\/media\/2624"}],"wp:attachment":[{"href":"https:\/\/peter-hess-muehle.de\/shop\/wp-json\/wp\/v2\/media?parent=2573"}],"wp:term":[{"taxonomy":"product_brand","embeddable":true,"href":"https:\/\/peter-hess-muehle.de\/shop\/wp-json\/wp\/v2\/product_brand?post=2573"},{"taxonomy":"product_cat","embeddable":true,"href":"https:\/\/peter-hess-muehle.de\/shop\/wp-json\/wp\/v2\/product_cat?post=2573"},{"taxonomy":"product_tag","embeddable":true,"href":"https:\/\/peter-hess-muehle.de\/shop\/wp-json\/wp\/v2\/product_tag?post=2573"}],"curies":[{"name":"wp","href":"https:\/\/api.w.org\/{rel}","templated":true}]}}