{"id":2578,"date":"2022-01-15T21:51:45","date_gmt":"2022-01-15T20:51:45","guid":{"rendered":"https:\/\/peter-hess-muehle.de\/shop\/produkt\/mala-armband-bergkristall-budd\/"},"modified":"2025-04-14T08:45:54","modified_gmt":"2025-04-14T06:45:54","slug":"mala-armband-bergkristall-budd","status":"publish","type":"product","link":"https:\/\/peter-hess-muehle.de\/shop\/produkt\/mala-armband-bergkristall-budd\/","title":{"rendered":"Mala\/Armband Bergkristall\/Buddha"},"content":{"rendered":"<p>Mala\/Armband mit Bergkristall &#8211; elastisch &#8211; mit Buddha Anh\u00e4nger<\/p>\n<p>Der Bergkristall ist ein starker, heilender Stein und Energieverst\u00e4rker. Er f\u00f6rdert klares Denken und transzendierende Wahrnehmung. Er unterst\u00fctzt die Verbindung mit dem inneren Wissen. Er reinigt und st\u00e4rkt sowohl den energetischen als auch den physischen K\u00f6rper, einschlie\u00dflich des Immunsystems.<\/p>\n<p>Eine Mala ist urspr\u00fcnglich eine Gebetskette aus dem Hinduismus und Buddhismus und wird in der Meditation verwendet, um Mantras zu z\u00e4hlen. Ein Mantra ist eine Sammlung von W\u00f6rtern, oft aus dem Sanskrit, die viele Male wiederholt wird &#8211; traditionell 108 mal. Man konzentriert sich auf die Bedeutung und Schwingung der W\u00f6rter &#8211; eventuell kombiniert mit einer begleitenden Visualisierung. Wenn Sie diese Meditationsform \u00fcben, kommen Ihre Gedanken zur Ruhe und Ihr K\u00f6rper entspannt sich.<\/p>\n","protected":false},"excerpt":{"rendered":"<p>Elastische Mala\/Armband mit 21 Perlen aus Bergkristall und Buddha-Symbol.<\/p>\n","protected":false},"featured_media":2615,"template":"","meta":{"_et_pb_use_builder":"","_et_pb_old_content":"","_et_gb_content_width":""},"product_brand":[],"product_cat":[145],"product_tag":[],"class_list":{"0":"post-2578","1":"product","2":"type-product","3":"status-publish","4":"has-post-thumbnail","6":"product_cat-malas","8":"first","9":"instock","10":"taxable","11":"shipping-taxable","12":"purchasable","13":"product-type-simple"},"_links":{"self":[{"href":"https:\/\/peter-hess-muehle.de\/shop\/wp-json\/wp\/v2\/product\/2578","targetHints":{"allow":["GET"]}}],"collection":[{"href":"https:\/\/peter-hess-muehle.de\/shop\/wp-json\/wp\/v2\/product"}],"about":[{"href":"https:\/\/peter-hess-muehle.de\/shop\/wp-json\/wp\/v2\/types\/product"}],"wp:featuredmedia":[{"embeddable":true,"href":"https:\/\/peter-hess-muehle.de\/shop\/wp-json\/wp\/v2\/media\/2615"}],"wp:attachment":[{"href":"https:\/\/peter-hess-muehle.de\/shop\/wp-json\/wp\/v2\/media?parent=2578"}],"wp:term":[{"taxonomy":"product_brand","embeddable":true,"href":"https:\/\/peter-hess-muehle.de\/shop\/wp-json\/wp\/v2\/product_brand?post=2578"},{"taxonomy":"product_cat","embeddable":true,"href":"https:\/\/peter-hess-muehle.de\/shop\/wp-json\/wp\/v2\/product_cat?post=2578"},{"taxonomy":"product_tag","embeddable":true,"href":"https:\/\/peter-hess-muehle.de\/shop\/wp-json\/wp\/v2\/product_tag?post=2578"}],"curies":[{"name":"wp","href":"https:\/\/api.w.org\/{rel}","templated":true}]}}