{"id":2579,"date":"2022-01-15T22:04:55","date_gmt":"2022-01-15T21:04:55","guid":{"rendered":"https:\/\/peter-hess-muehle.de\/shop\/produkt\/mala-armband-amethyst-mit-ohm\/"},"modified":"2025-09-16T11:30:03","modified_gmt":"2025-09-16T09:30:03","slug":"mala-armband-amethyst-mit-ohm","status":"publish","type":"product","link":"https:\/\/peter-hess-muehle.de\/shop\/produkt\/mala-armband-amethyst-mit-ohm\/","title":{"rendered":"Mala\/Armband Amethyst, Ohm"},"content":{"rendered":"<p>Mala\/Armband mit Amethyst &#8211; elastisch &#8211; mit Ohm Anh\u00e4nger<\/p>\n<p>Elastische Mala\/Armband mit 21 Perlen aus Amethyst und Ohm-Symbol.<\/p>\n<p>Der Amethyst hat spirituelle Eigenschaften, durch sie k\u00f6nnen die h\u00f6heren Lagen des Bewusstseins erreicht werden. Der Amethyst kann eine Br\u00fccke zwischen der irdischen und der \u00e4therischen Welt darstellen und so eine \u00d6ffnung zu spirituellem Bewusstsein formen.<\/p>\n<p>Eine Mala ist urspr\u00fcnglich eine Gebetskette aus dem Hinduismus und Buddhismus und wird in der Meditation verwendet, um Mantras zu z\u00e4hlen. Ein Mantra ist eine Sammlung von W\u00f6rtern, oft aus dem Sanskrit, die viele Male wiederholt wird &#8211; traditionell 108 mal. Man konzentriert sich auf die Bedeutung und Schwingung der W\u00f6rter &#8211; eventuell kombiniert mit einer begleitenden Visualisierung. Wenn Sie diese Meditationsform \u00fcben, kommen Ihre Gedanken zur Ruhe und Ihr K\u00f6rper entspannt sich.<\/p>\n","protected":false},"excerpt":{"rendered":"<p>Perlengr\u00f6\u00dfe: 0,8 cm<br \/>\nMa\u00dfe: ca. 7 cm<br \/>\nMaterial: Zinklegierung<br \/>\nGesamtgewicht: 47 g<\/p>\n","protected":false},"featured_media":2614,"template":"","meta":{"_et_pb_use_builder":"","_et_pb_old_content":"","_et_gb_content_width":""},"product_brand":[],"product_cat":[145],"product_tag":[],"class_list":{"0":"post-2579","1":"product","2":"type-product","3":"status-publish","4":"has-post-thumbnail","6":"product_cat-malas","8":"first","9":"instock","10":"taxable","11":"shipping-taxable","12":"purchasable","13":"product-type-simple"},"_links":{"self":[{"href":"https:\/\/peter-hess-muehle.de\/shop\/wp-json\/wp\/v2\/product\/2579","targetHints":{"allow":["GET"]}}],"collection":[{"href":"https:\/\/peter-hess-muehle.de\/shop\/wp-json\/wp\/v2\/product"}],"about":[{"href":"https:\/\/peter-hess-muehle.de\/shop\/wp-json\/wp\/v2\/types\/product"}],"wp:featuredmedia":[{"embeddable":true,"href":"https:\/\/peter-hess-muehle.de\/shop\/wp-json\/wp\/v2\/media\/2614"}],"wp:attachment":[{"href":"https:\/\/peter-hess-muehle.de\/shop\/wp-json\/wp\/v2\/media?parent=2579"}],"wp:term":[{"taxonomy":"product_brand","embeddable":true,"href":"https:\/\/peter-hess-muehle.de\/shop\/wp-json\/wp\/v2\/product_brand?post=2579"},{"taxonomy":"product_cat","embeddable":true,"href":"https:\/\/peter-hess-muehle.de\/shop\/wp-json\/wp\/v2\/product_cat?post=2579"},{"taxonomy":"product_tag","embeddable":true,"href":"https:\/\/peter-hess-muehle.de\/shop\/wp-json\/wp\/v2\/product_tag?post=2579"}],"curies":[{"name":"wp","href":"https:\/\/api.w.org\/{rel}","templated":true}]}}