{"id":2581,"date":"2022-01-15T22:56:59","date_gmt":"2022-01-15T21:56:59","guid":{"rendered":"https:\/\/peter-hess-muehle.de\/shop\/produkt\/mala-kette-rosenquarzamazoni\/"},"modified":"2023-10-05T11:38:23","modified_gmt":"2023-10-05T09:38:23","slug":"mala-kette-rosenquarzamazoni","status":"publish","type":"product","link":"https:\/\/peter-hess-muehle.de\/shop\/produkt\/mala-kette-rosenquarzamazoni\/","title":{"rendered":"Mala Kette mit Rosenquarz, Amazonit &#038; Rhodonit mit Lotus Anh\u00e4nger"},"content":{"rendered":"<p>Mala Kette mit Rosenquarz, Amazonit &amp; Rhodonit mit Lotus Anh\u00e4nger<\/p>\n<p>Stilvolle Halskette mit 108 Perlen aus Rosenquarz, Amazonit und Rhodonit und einem Lotus-Anh\u00e4nger.<br \/>\nKann auch als Mala zum Z\u00e4hlen von Mantras verwendet werden. Wird in einem Baumwoll-Geschenkbeutel geliefert.<\/p>\n<p>Rosenquarz stimuliert das Herzchakra und die F\u00e4higkeit, Liebe zu geben und zu empfangen. Harmonisiert Beziehungen und erh\u00f6ht (Selbst-)Liebe und Akzeptanz.<br \/>\nAmazonit ist ein kraftvoller Schutz gegen negative Energien und elektromagnetische Strahlung. Bringt Denken und intuitive Weisheit ins Gleichgewicht.<br \/>\nRhodonit f\u00f6rdert Liebe und Mitgef\u00fchl und ist daher ein kraftvoller Heiler f\u00fcr emotionale und k\u00f6rperliche Wunden. Dar\u00fcber hinaus ist es ein guter &#8222;Unfall-Erste-Hilfe&#8220;-Stein, der beruhigt und hilft, bei Schock- oder Extremereignissen einen k\u00fchlen Kopf zu bewahren.<\/p>\n","protected":false},"excerpt":{"rendered":"<p>Perlengr\u00f6\u00dfe: 0,8 cm<br \/>\nMa\u00dfe: ca. 7 cm<br \/>\nMaterial: Zinklegierung<br \/>\nGesamtgewicht: 47 g<\/p>\n","protected":false},"featured_media":2599,"template":"","meta":{"_et_pb_use_builder":"","_et_pb_old_content":"","_et_gb_content_width":""},"product_brand":[],"product_cat":[145],"product_tag":[],"class_list":{"0":"post-2581","1":"product","2":"type-product","3":"status-publish","4":"has-post-thumbnail","6":"product_cat-malas","8":"first","9":"instock","10":"taxable","11":"shipping-taxable","12":"purchasable","13":"product-type-simple"},"_links":{"self":[{"href":"https:\/\/peter-hess-muehle.de\/shop\/wp-json\/wp\/v2\/product\/2581","targetHints":{"allow":["GET"]}}],"collection":[{"href":"https:\/\/peter-hess-muehle.de\/shop\/wp-json\/wp\/v2\/product"}],"about":[{"href":"https:\/\/peter-hess-muehle.de\/shop\/wp-json\/wp\/v2\/types\/product"}],"wp:featuredmedia":[{"embeddable":true,"href":"https:\/\/peter-hess-muehle.de\/shop\/wp-json\/wp\/v2\/media\/2599"}],"wp:attachment":[{"href":"https:\/\/peter-hess-muehle.de\/shop\/wp-json\/wp\/v2\/media?parent=2581"}],"wp:term":[{"taxonomy":"product_brand","embeddable":true,"href":"https:\/\/peter-hess-muehle.de\/shop\/wp-json\/wp\/v2\/product_brand?post=2581"},{"taxonomy":"product_cat","embeddable":true,"href":"https:\/\/peter-hess-muehle.de\/shop\/wp-json\/wp\/v2\/product_cat?post=2581"},{"taxonomy":"product_tag","embeddable":true,"href":"https:\/\/peter-hess-muehle.de\/shop\/wp-json\/wp\/v2\/product_tag?post=2581"}],"curies":[{"name":"wp","href":"https:\/\/api.w.org\/{rel}","templated":true}]}}