{"id":2590,"date":"2022-01-16T10:27:10","date_gmt":"2022-01-16T09:27:10","guid":{"rendered":"https:\/\/peter-hess-muehle.de\/shop\/produkt\/wir-signkarte-set\/"},"modified":"2025-10-16T21:11:19","modified_gmt":"2025-10-16T19:11:19","slug":"wir-signkarte-set","status":"publish","type":"product","link":"https:\/\/peter-hess-muehle.de\/shop\/produkt\/wir-signkarte-set\/","title":{"rendered":"Wir-SignKarten-Set"},"content":{"rendered":"<p>Wir-Karten-Set &#8222;&#8220;Wir&#8220;&#8220;<\/p>\n<p>F\u00fcr wen sind die WIR-Karten?<br \/>\nF\u00fcr zwei bis sehr, sehr viele.<br \/>\nF\u00fcr Liebespaare, Freunde, Kollegen, Familien, Teams und WIRs aller Art.<\/strong><\/p>\n<p>Wof\u00fcr sind die WIR-Karten?<br \/>\nSeid ihr an einer schwierigen Stelle eures WIR? Wollt ihr vielleicht einfach euer WIR st\u00e4rken? Oder eure Liebe vertiefen? Oder wollt ihr eine neue Perspektive finden? Die WIR-Karten k\u00f6nnen alles, was euch verbindet, in eine neue Richtung f\u00fchren. In euer Neues WIR. In euer NeuLand.<\/p>\n<p>Was bewirken die WIR-Karten?<br \/>\nSie laden eine andere Sicht ein. Sie ermuntern zu einem Perspektiven-Wechsel.<br \/>\nSie bereichern ein Thema, sie befruchten und inspirieren und laden zum Dialog.<br \/>\nDie WIR-Karten sind wie Codes, die neue R\u00e4ume \u00f6ffnen.<br \/>\nR\u00e4ume in eine lebendige Gemeinschaft.<br \/>\nR\u00e4ume zu einer kollektiven Weisheit.<br \/>\nR\u00e4ume zu einer Schwarmintelligenz, die das Beste im Einzelnen hervorruft und gleichzeitig verbindet und Neues webt.<\/p>\n<p>Die WIR-Karten verb\u00fcnden uns mit der Supermacht des Universums, der Liebe.<br \/>\nSie laden zu einem Frieden, der kein Gegenteil kennt.<br \/>\nSie erinnern, dass wir Mitwirkende sind bei der Entstehung einer neuen Sch\u00f6pfung \u2013 geformt aus unseren k\u00fchnsten Tr\u00e4umen.<br \/>\nUnd daran, dass diese Wirklichkeit, die jeder miterschafft, uns und den Generationen nach uns ein Paradies auf Erden schenkt.<br \/>\nSie offerieren einen inneren Aufstieg, der uns die n\u00e4chste Dimension eines Miteinanders \u00f6ffnet; ein WIR, das uns zur h\u00f6chsten Ehre gereicht.<\/p>\n","protected":false},"excerpt":{"rendered":"<p>Inhalt: 54 WIR-Karten (Original Signs by Jwala\u00ae) + Buch &#8222;WIR&#8220; von Jwala und Karl Gamper<br \/>\nKartengr\u00f6\u00dfe: 16,5 x 10 cm (aus festem mattgl\u00e4nzendem Karton, beidseitig bedruckt).<br \/>\nBuchgr\u00f6\u00dfe: 17 x 12 cm (Softcover, Cellophanierung matt, 4\/4 farbig)<br \/>\nGr\u00f6\u00dfe der Verpackung: 16,35 x 21,30 x 4,05 + cm (Breite+H\u00f6he+Tiefe)<br \/>\nGewicht: 670 g<\/p>\n","protected":false},"featured_media":5022,"template":"","meta":{"_et_pb_use_builder":"","_et_pb_old_content":"","_et_gb_content_width":""},"product_brand":[],"product_cat":[175],"product_tag":[],"class_list":{"0":"post-2590","1":"product","2":"type-product","3":"status-publish","4":"has-post-thumbnail","6":"product_cat-karten-set","8":"first","9":"instock","10":"taxable","11":"shipping-taxable","12":"purchasable","13":"product-type-simple"},"_links":{"self":[{"href":"https:\/\/peter-hess-muehle.de\/shop\/wp-json\/wp\/v2\/product\/2590","targetHints":{"allow":["GET"]}}],"collection":[{"href":"https:\/\/peter-hess-muehle.de\/shop\/wp-json\/wp\/v2\/product"}],"about":[{"href":"https:\/\/peter-hess-muehle.de\/shop\/wp-json\/wp\/v2\/types\/product"}],"wp:featuredmedia":[{"embeddable":true,"href":"https:\/\/peter-hess-muehle.de\/shop\/wp-json\/wp\/v2\/media\/5022"}],"wp:attachment":[{"href":"https:\/\/peter-hess-muehle.de\/shop\/wp-json\/wp\/v2\/media?parent=2590"}],"wp:term":[{"taxonomy":"product_brand","embeddable":true,"href":"https:\/\/peter-hess-muehle.de\/shop\/wp-json\/wp\/v2\/product_brand?post=2590"},{"taxonomy":"product_cat","embeddable":true,"href":"https:\/\/peter-hess-muehle.de\/shop\/wp-json\/wp\/v2\/product_cat?post=2590"},{"taxonomy":"product_tag","embeddable":true,"href":"https:\/\/peter-hess-muehle.de\/shop\/wp-json\/wp\/v2\/product_tag?post=2590"}],"curies":[{"name":"wp","href":"https:\/\/api.w.org\/{rel}","templated":true}]}}