{"id":2603,"date":"2022-01-16T12:08:22","date_gmt":"2022-01-16T11:08:22","guid":{"rendered":"https:\/\/peter-hess-muehle.de\/shop\/produkt\/stranddecke-7-chakren-blume\/"},"modified":"2022-03-05T20:03:34","modified_gmt":"2022-03-05T19:03:34","slug":"stranddecke-7-chakren-blume","status":"publish","type":"product","link":"https:\/\/peter-hess-muehle.de\/shop\/produkt\/stranddecke-7-chakren-blume\/","title":{"rendered":"Stranddecke-7 Chakren-Blume des Lebens"},"content":{"rendered":"<p>Baumwolldecke mit der Blume des Lebens in den 7 Chakra-Farben. Kann als Strandtuch oder Picknickdecke verwendet werden.<br \/>\nPflegehinweis: Handw\u00e4sche 30 Grad, separat waschen, eventuell einen Schuss Essig hinzuf\u00fcgen, um die herrlichen Farben so lange wie m\u00f6glich zu bewahren.<\/p>\n","protected":false},"excerpt":{"rendered":"<p>Farbe: Mehrfarbig<br \/>\nMa\u00dfe: 150 cm<br \/>\nMaterial: Baumwolle<br \/>\nGewicht: 550-650 g<\/p>\n","protected":false},"featured_media":2604,"template":"","meta":{"_et_pb_use_builder":"","_et_pb_old_content":"","_et_gb_content_width":""},"product_brand":[],"product_cat":[80],"product_tag":[],"class_list":{"0":"post-2603","1":"product","2":"type-product","3":"status-publish","4":"has-post-thumbnail","6":"product_cat-yoga-kissen-lagerung","8":"first","9":"instock","10":"taxable","11":"shipping-taxable","12":"purchasable","13":"product-type-simple"},"_links":{"self":[{"href":"https:\/\/peter-hess-muehle.de\/shop\/wp-json\/wp\/v2\/product\/2603","targetHints":{"allow":["GET"]}}],"collection":[{"href":"https:\/\/peter-hess-muehle.de\/shop\/wp-json\/wp\/v2\/product"}],"about":[{"href":"https:\/\/peter-hess-muehle.de\/shop\/wp-json\/wp\/v2\/types\/product"}],"wp:featuredmedia":[{"embeddable":true,"href":"https:\/\/peter-hess-muehle.de\/shop\/wp-json\/wp\/v2\/media\/2604"}],"wp:attachment":[{"href":"https:\/\/peter-hess-muehle.de\/shop\/wp-json\/wp\/v2\/media?parent=2603"}],"wp:term":[{"taxonomy":"product_brand","embeddable":true,"href":"https:\/\/peter-hess-muehle.de\/shop\/wp-json\/wp\/v2\/product_brand?post=2603"},{"taxonomy":"product_cat","embeddable":true,"href":"https:\/\/peter-hess-muehle.de\/shop\/wp-json\/wp\/v2\/product_cat?post=2603"},{"taxonomy":"product_tag","embeddable":true,"href":"https:\/\/peter-hess-muehle.de\/shop\/wp-json\/wp\/v2\/product_tag?post=2603"}],"curies":[{"name":"wp","href":"https:\/\/api.w.org\/{rel}","templated":true}]}}