{"id":2610,"date":"2022-01-16T12:27:08","date_gmt":"2022-01-16T11:27:08","guid":{"rendered":"https:\/\/peter-hess-muehle.de\/shop\/produkt\/mala-armband-amazonit-buddha\/"},"modified":"2025-09-16T11:27:37","modified_gmt":"2025-09-16T09:27:37","slug":"mala-armband-amazonit-buddha","status":"publish","type":"product","link":"https:\/\/peter-hess-muehle.de\/shop\/produkt\/mala-armband-amazonit-buddha\/","title":{"rendered":"Mala\/Armband Amazonit, Buddha"},"content":{"rendered":"<p>Mala\/Armband mit 21 Amazonitperlen &#8211; elastisch &#8211; mit Buddha Anh\u00e4nger<\/p>\n<p>Eine Mala ist urspr\u00fcnglich eine Gebetskette aus dem Hinduismus und Buddhismus und wird in der Meditation verwendet, um Mantras zu z\u00e4hlen. Ein Mantra ist eine Sammlung von W\u00f6rtern, oft aus dem Sanskrit, die viele Male wiederholt wird &#8211; traditionell 108 mal. Man konzentriert sich auf die Bedeutung und Schwingung der W\u00f6rter &#8211; eventuell kombiniert mit einer begleitenden Visualisierung. Wenn Sie diese Meditationsform \u00fcben, kommen Ihre Gedanken zur Ruhe und Ihr K\u00f6rper entspannt sich.<\/p>\n<p>Der Amazonit sch\u00fctzt vor negativen Energien und elektromagnetischer Strahlung. Dieser Stein steht auch f\u00fcr ein Gleichgewicht zwischen Verstand und intuitiver Weisheit.<\/p>\n","protected":false},"excerpt":{"rendered":"<p>Mala Armband mit 21 Amazonitperlen.<br \/>\nAuf Gummiband aufgezogen, kann darum auch als Armband getragen werden.<br \/>\nMit Brokatt\u00e4schchen.<br \/>\nMaterial: Zinklegierung<br \/>\nGesamtgewicht: 20 g<\/p>\n","protected":false},"featured_media":6354,"template":"","meta":{"_et_pb_use_builder":"","_et_pb_old_content":"","_et_gb_content_width":""},"product_brand":[],"product_cat":[145],"product_tag":[],"class_list":{"0":"post-2610","1":"product","2":"type-product","3":"status-publish","4":"has-post-thumbnail","6":"product_cat-malas","8":"first","9":"instock","10":"taxable","11":"shipping-taxable","12":"purchasable","13":"product-type-simple"},"_links":{"self":[{"href":"https:\/\/peter-hess-muehle.de\/shop\/wp-json\/wp\/v2\/product\/2610","targetHints":{"allow":["GET"]}}],"collection":[{"href":"https:\/\/peter-hess-muehle.de\/shop\/wp-json\/wp\/v2\/product"}],"about":[{"href":"https:\/\/peter-hess-muehle.de\/shop\/wp-json\/wp\/v2\/types\/product"}],"wp:featuredmedia":[{"embeddable":true,"href":"https:\/\/peter-hess-muehle.de\/shop\/wp-json\/wp\/v2\/media\/6354"}],"wp:attachment":[{"href":"https:\/\/peter-hess-muehle.de\/shop\/wp-json\/wp\/v2\/media?parent=2610"}],"wp:term":[{"taxonomy":"product_brand","embeddable":true,"href":"https:\/\/peter-hess-muehle.de\/shop\/wp-json\/wp\/v2\/product_brand?post=2610"},{"taxonomy":"product_cat","embeddable":true,"href":"https:\/\/peter-hess-muehle.de\/shop\/wp-json\/wp\/v2\/product_cat?post=2610"},{"taxonomy":"product_tag","embeddable":true,"href":"https:\/\/peter-hess-muehle.de\/shop\/wp-json\/wp\/v2\/product_tag?post=2610"}],"curies":[{"name":"wp","href":"https:\/\/api.w.org\/{rel}","templated":true}]}}