{"id":2628,"date":"2022-01-16T22:00:13","date_gmt":"2022-01-16T21:00:13","guid":{"rendered":"https:\/\/peter-hess-muehle.de\/shop\/produkt\/karten-set-bunt-leinensign\/"},"modified":"2025-10-16T21:10:53","modified_gmt":"2025-10-16T19:10:53","slug":"karten-set-bunt-leinensign","status":"publish","type":"product","link":"https:\/\/peter-hess-muehle.de\/shop\/produkt\/karten-set-bunt-leinensign\/","title":{"rendered":"Karten-Set-bunt-Leinen(Sign)"},"content":{"rendered":"<p>SignKarten-Sets Bauernleinen unterschiedliche Farben<\/p>\n<p>Buch &#8222;Fingerzeige&#8220; mit vertiefenden Botschaften: Dieses kleine Buch \u00fcberrascht mit tiefen, gelebten Weisheiten f\u00fcr ein gut gelebtes Leben. Die Botschaften der Sign-Karten sind ein wundervoller Bruch der Alltagsrealit\u00e4t. Es \u00f6ffnen sich R\u00e4ume der Stille, des Friedens, der Freude und der Dankbarkeit in dir. Die Sign-Karten sind inspirierende Begleiter durch den Tag, regen zu vertiefenden Gespr\u00e4chen ein und sind in Seminaren sehr beliebt, um zu einem Thema eine Meta-Sicht einzuladen. Die Antworten sind von einer verbl\u00fcffenden Stimmigkeit und bringen dich in Kontakt mit deiner Essenz.<\/p>\n<p>SignKarten &#8211; Wie &#8222;funktionieren&#8220; sie? Ziehe intuitiv &#8222;deine&#8220; Karte. Entweder vom Stapel oder im Rahmen eines Rituals, indem du sie alle in einem Kreis oder Bogen verdeckt auflegst. Ziehe deine Karte mit der linken Hand &#8211; die Kraft deines Herzens ist ihr am n\u00e4chsten. Und dann &#8211; verinnerliche die Botschaft, die sie dir zeigt, stelle die Karte auf, trage sie bei dir. Begleitend zu jeder einzelnen Karte findest du im Buch &#8222;Fingerzeige&#8220; Jwala\u00b4s Texte f\u00fcr deine gezogene Karte.<\/p>\n<p>Die 54 Sign-Karten mit dem Buch &#8222;Fingerzeige&#8220; von Jwala Gamper sind ein Erfolgsf\u00e4cher f\u00fcr ein gut gelebtes Leben. Immer dann, wenn solche Fragen die volle Aufmerksamkeit fordern und von dem abhalten, was JETZT ansteht, ist es total hilfreich, eine andere Sicht einzuladen. Die Dimension zu wechseln, um uns rigoros mit der Weisheit des Herzens zu verb\u00fcnden. Die Sign-Karten erm\u00e4chtigen zum direkten Ausstieg aus Angst und Mangeldenken &#8211; hin zu Freude, Mut und Sch\u00f6pferkraft.<\/p>\n","protected":false},"excerpt":{"rendered":"<p>SignKarten-Sets Bauernleinen unterschiedliche Farben<\/p>\n","protected":false},"featured_media":2629,"template":"","meta":{"_et_pb_use_builder":"","_et_pb_old_content":"","_et_gb_content_width":""},"product_brand":[],"product_cat":[175],"product_tag":[],"class_list":{"0":"post-2628","1":"product","2":"type-product","3":"status-publish","4":"has-post-thumbnail","6":"product_cat-karten-set","8":"first","9":"instock","10":"taxable","11":"shipping-taxable","12":"purchasable","13":"product-type-simple"},"_links":{"self":[{"href":"https:\/\/peter-hess-muehle.de\/shop\/wp-json\/wp\/v2\/product\/2628","targetHints":{"allow":["GET"]}}],"collection":[{"href":"https:\/\/peter-hess-muehle.de\/shop\/wp-json\/wp\/v2\/product"}],"about":[{"href":"https:\/\/peter-hess-muehle.de\/shop\/wp-json\/wp\/v2\/types\/product"}],"wp:featuredmedia":[{"embeddable":true,"href":"https:\/\/peter-hess-muehle.de\/shop\/wp-json\/wp\/v2\/media\/2629"}],"wp:attachment":[{"href":"https:\/\/peter-hess-muehle.de\/shop\/wp-json\/wp\/v2\/media?parent=2628"}],"wp:term":[{"taxonomy":"product_brand","embeddable":true,"href":"https:\/\/peter-hess-muehle.de\/shop\/wp-json\/wp\/v2\/product_brand?post=2628"},{"taxonomy":"product_cat","embeddable":true,"href":"https:\/\/peter-hess-muehle.de\/shop\/wp-json\/wp\/v2\/product_cat?post=2628"},{"taxonomy":"product_tag","embeddable":true,"href":"https:\/\/peter-hess-muehle.de\/shop\/wp-json\/wp\/v2\/product_tag?post=2628"}],"curies":[{"name":"wp","href":"https:\/\/api.w.org\/{rel}","templated":true}]}}