{"id":2633,"date":"2022-01-16T22:55:09","date_gmt":"2022-01-16T21:55:09","guid":{"rendered":"https:\/\/peter-hess-muehle.de\/shop\/produkt\/tasche-leinen-ohne-inhalt\/"},"modified":"2022-02-18T08:59:28","modified_gmt":"2022-02-18T07:59:28","slug":"tasche-leinen-ohne-inhalt","status":"publish","type":"product","link":"https:\/\/peter-hess-muehle.de\/shop\/produkt\/tasche-leinen-ohne-inhalt\/","title":{"rendered":"Kartentasche &#8211; Bauernleinen ohne Inhalt"},"content":{"rendered":"<p>SignKarten-Tasche Bauernleinen &#8222;Nature&#8220; &#8211; Ohne Inhalt<\/p>\n<p>Tasche aus 100% Vintage-Bauernleinen (ohne Inhalt!) f\u00fcr alles, das weich verstaut und gesch\u00fctzt werden muss &#8211; wie dein SignKarten- oder dein WIR-Karten-Set. Die finden darin ihren sicheren Platz.<\/p>\n<p>Doch lassen sich auch beispielsweise Ladekabel und kleine Kopfh\u00f6rer optimal verstauen. Oder du verwendest die Tasche als Verbandst\u00e4schchen f\u00fcr Wanderungen oder Urlaub. Es gibt viele M\u00f6glichkeiten der Verwendung f\u00fcr diese einzigartigen Taschen.<\/p>\n","protected":false},"excerpt":{"rendered":"<p>Gr\u00f6\u00dfe: ca. 23 x 16 cm<br \/>\nMaterial: 100% Vintage Bauernleinen &#8211; handgewebt!<br \/>\nDetail: Klettverschluss in der Mitte der Tasche<br \/>\nFarbe: Naturfarben in unterschiedlichen T\u00f6nen und Strukturen (Farben nicht frei w\u00e4hlbar)<\/p>\n","protected":false},"featured_media":2634,"template":"","meta":{"_et_pb_use_builder":"","_et_pb_old_content":"","_et_gb_content_width":""},"product_brand":[],"product_cat":[175],"product_tag":[],"class_list":{"0":"post-2633","1":"product","2":"type-product","3":"status-publish","4":"has-post-thumbnail","6":"product_cat-karten-set","8":"first","9":"instock","10":"taxable","11":"shipping-taxable","12":"purchasable","13":"product-type-simple"},"_links":{"self":[{"href":"https:\/\/peter-hess-muehle.de\/shop\/wp-json\/wp\/v2\/product\/2633","targetHints":{"allow":["GET"]}}],"collection":[{"href":"https:\/\/peter-hess-muehle.de\/shop\/wp-json\/wp\/v2\/product"}],"about":[{"href":"https:\/\/peter-hess-muehle.de\/shop\/wp-json\/wp\/v2\/types\/product"}],"wp:featuredmedia":[{"embeddable":true,"href":"https:\/\/peter-hess-muehle.de\/shop\/wp-json\/wp\/v2\/media\/2634"}],"wp:attachment":[{"href":"https:\/\/peter-hess-muehle.de\/shop\/wp-json\/wp\/v2\/media?parent=2633"}],"wp:term":[{"taxonomy":"product_brand","embeddable":true,"href":"https:\/\/peter-hess-muehle.de\/shop\/wp-json\/wp\/v2\/product_brand?post=2633"},{"taxonomy":"product_cat","embeddable":true,"href":"https:\/\/peter-hess-muehle.de\/shop\/wp-json\/wp\/v2\/product_cat?post=2633"},{"taxonomy":"product_tag","embeddable":true,"href":"https:\/\/peter-hess-muehle.de\/shop\/wp-json\/wp\/v2\/product_tag?post=2633"}],"curies":[{"name":"wp","href":"https:\/\/api.w.org\/{rel}","templated":true}]}}