{"id":2635,"date":"2022-01-16T23:19:25","date_gmt":"2022-01-16T22:19:25","guid":{"rendered":"https:\/\/peter-hess-muehle.de\/shop\/produkt\/anhaenger-liebe-i-d-schluessel\/"},"modified":"2022-02-18T08:58:30","modified_gmt":"2022-02-18T07:58:30","slug":"anhaenger-liebe-i-d-schluessel","status":"publish","type":"product","link":"https:\/\/peter-hess-muehle.de\/shop\/produkt\/anhaenger-liebe-i-d-schluessel\/","title":{"rendered":"Anh\u00e4nger &#8211; Liebe ist der Schl\u00fcssel"},"content":{"rendered":"<p>Anh\u00e4nger &#8222;Liebe ist der Schl\u00fcssel&#8220;<\/p>\n<p>Ein Schl\u00fcsselerlebnis!<\/p>\n<p>Nie mehr suchen! Sehr chick auch als &#8222;Taschenbaumler&#8220;! Gen\u00e4ht und bestickt in Tirol. Begrenzte St\u00fcckzahl! Solange der Vorrat reicht!<\/p>\n","protected":false},"excerpt":{"rendered":"<p>Gr\u00f6\u00dfe: ca. 13 x 3 cm<br \/>\nMetallhalterung\/Haken: 2,5 cm<br \/>\nMaterial: 100 % antikes, handgewebtes Bauernleinen<br \/>\nFarbe: Blau<br \/>\nStickerei: &#8222;Liebe ist der Schl\u00fcssel&#8220; (Sign by Jwala\u00ae) Gelborange<\/p>\n","protected":false},"featured_media":2636,"template":"","meta":{"_et_pb_use_builder":"","_et_pb_old_content":"","_et_gb_content_width":""},"product_brand":[],"product_cat":[175],"product_tag":[],"class_list":{"0":"post-2635","1":"product","2":"type-product","3":"status-publish","4":"has-post-thumbnail","6":"product_cat-karten-set","8":"first","9":"instock","10":"taxable","11":"shipping-taxable","12":"purchasable","13":"product-type-simple"},"_links":{"self":[{"href":"https:\/\/peter-hess-muehle.de\/shop\/wp-json\/wp\/v2\/product\/2635","targetHints":{"allow":["GET"]}}],"collection":[{"href":"https:\/\/peter-hess-muehle.de\/shop\/wp-json\/wp\/v2\/product"}],"about":[{"href":"https:\/\/peter-hess-muehle.de\/shop\/wp-json\/wp\/v2\/types\/product"}],"wp:featuredmedia":[{"embeddable":true,"href":"https:\/\/peter-hess-muehle.de\/shop\/wp-json\/wp\/v2\/media\/2636"}],"wp:attachment":[{"href":"https:\/\/peter-hess-muehle.de\/shop\/wp-json\/wp\/v2\/media?parent=2635"}],"wp:term":[{"taxonomy":"product_brand","embeddable":true,"href":"https:\/\/peter-hess-muehle.de\/shop\/wp-json\/wp\/v2\/product_brand?post=2635"},{"taxonomy":"product_cat","embeddable":true,"href":"https:\/\/peter-hess-muehle.de\/shop\/wp-json\/wp\/v2\/product_cat?post=2635"},{"taxonomy":"product_tag","embeddable":true,"href":"https:\/\/peter-hess-muehle.de\/shop\/wp-json\/wp\/v2\/product_tag?post=2635"}],"curies":[{"name":"wp","href":"https:\/\/api.w.org\/{rel}","templated":true}]}}