{"id":2641,"date":"2022-01-17T19:41:14","date_gmt":"2022-01-17T18:41:14","guid":{"rendered":"https:\/\/peter-hess-muehle.de\/shop\/produkt\/dvd-buchks-fuer-gesundheit-har\/"},"modified":"2026-01-17T17:39:00","modified_gmt":"2026-01-17T16:39:00","slug":"dvd-buchks-fuer-gesundheit-har","status":"publish","type":"product","link":"https:\/\/peter-hess-muehle.de\/shop\/produkt\/dvd-buchks-fuer-gesundheit-har\/","title":{"rendered":"Klangschalen f\u00fcr Gesundheit und innere Harmonie"},"content":{"rendered":"<p>Klangschalen f\u00fcr Gesundheit und innere Harmonie<\/p>\n<p>Peter Hess, Jahrgang 1941, ist Diplomingenieur der Physikalischen Technik und P\u00e4dagoge. Seit 1984 erforscht er die Wirkung des Klangs auf den Menschen. Im selben Jahr begann er, mit Klangschalen zu arbeiten, und entwickelte die Peter Hess\u00ae-Klangmassage, die er ab 1986 in seine Seminare integrierte. Seither wurden auf der Basis der Klangmassage zahlreiche Klangmethoden entwickelt, die einen spezialisierten Einsatz in Wellness\/Pr\u00e4vention, P\u00e4dagogik\/Beratung, Therapie sowie im Gesundheitswesen darstellen. Er hat das Peter Hess\u00ae Institut begr\u00fcndet, dem mehr als 20 Peter Hess\u00ae Akademien weltweit angeh\u00f6ren und ist Vorsitzender des Europ\u00e4ischen Fachverbandes Klang-Massage-Therapie. Als Referent, Autor und Seminarleiter ist er im In- und Ausland t\u00e4tig.<\/p>\n","protected":false},"excerpt":{"rendered":"<p>Buch mit DVD<br \/>\nPeter Hess<br \/>\nIrisiana Verlag, 2014<br \/>\nISBN: 9783424152432<br \/>\nHardcover, 96 Seiten mit 32 Farbfotos &#8211; inkl. DVD<\/p>\n","protected":false},"featured_media":5065,"template":"","meta":{"_et_pb_use_builder":"","_et_pb_old_content":"","_et_gb_content_width":""},"product_brand":[],"product_cat":[58],"product_tag":[],"class_list":{"0":"post-2641","1":"product","2":"type-product","3":"status-publish","4":"has-post-thumbnail","6":"product_cat-buecher","8":"first","9":"instock","10":"taxable","11":"shipping-taxable","12":"purchasable","13":"product-type-simple"},"_links":{"self":[{"href":"https:\/\/peter-hess-muehle.de\/shop\/wp-json\/wp\/v2\/product\/2641","targetHints":{"allow":["GET"]}}],"collection":[{"href":"https:\/\/peter-hess-muehle.de\/shop\/wp-json\/wp\/v2\/product"}],"about":[{"href":"https:\/\/peter-hess-muehle.de\/shop\/wp-json\/wp\/v2\/types\/product"}],"wp:featuredmedia":[{"embeddable":true,"href":"https:\/\/peter-hess-muehle.de\/shop\/wp-json\/wp\/v2\/media\/5065"}],"wp:attachment":[{"href":"https:\/\/peter-hess-muehle.de\/shop\/wp-json\/wp\/v2\/media?parent=2641"}],"wp:term":[{"taxonomy":"product_brand","embeddable":true,"href":"https:\/\/peter-hess-muehle.de\/shop\/wp-json\/wp\/v2\/product_brand?post=2641"},{"taxonomy":"product_cat","embeddable":true,"href":"https:\/\/peter-hess-muehle.de\/shop\/wp-json\/wp\/v2\/product_cat?post=2641"},{"taxonomy":"product_tag","embeddable":true,"href":"https:\/\/peter-hess-muehle.de\/shop\/wp-json\/wp\/v2\/product_tag?post=2641"}],"curies":[{"name":"wp","href":"https:\/\/api.w.org\/{rel}","templated":true}]}}