{"id":2646,"date":"2022-01-17T19:50:46","date_gmt":"2022-01-17T18:50:46","guid":{"rendered":"https:\/\/peter-hess-muehle.de\/shop\/produkt\/buchbuddha\/"},"modified":"2022-02-18T11:15:25","modified_gmt":"2022-02-18T10:15:25","slug":"buchbuddha","status":"publish","type":"product","link":"https:\/\/peter-hess-muehle.de\/shop\/produkt\/buchbuddha\/","title":{"rendered":"Buddha"},"content":{"rendered":"<p>Buddha &#8211; Leben-Lehre-Votivbauten &#8211; Orte der Begegnung<\/p>\n<p>Prof. Dr. Ing. Niels Gutschow, (1941) arbeitet als Denkmalpfleger, Architekt und Bauhistoriker seit 1971 in Nepal, wo er f\u00fcr Chatral Rinpoche mehrere Stupas entworfen und gebaut hat.<\/p>\n<p>Andreas Kretschmar,(1953) war \u00fcber 12 Jahre Sch\u00fcler von Tulku Urgyen Rinpoche in Nagi Gompa bei Kathmandu. Er \u00fcbersetzt buddhistische Texte aus dem Tibetischen ins Englische und Deutsche.<\/p>\n<p>Beatrice Knechtle, (1964) ist Sati-Zen Lehrerin in der Tradition des Thich Nhat Hanh.<\/p>\n","protected":false},"excerpt":{"rendered":"<p>Autoren: Niels Gutschow, Beatrice Knechtle, Andreas Kretschmar<br \/>\nVerlag Peter Hess, 2005<br \/>\nISBN: 978-3-938263-03-7<br \/>\nHardcover, 184 Seiten, mit 15 s\/w Fotos und 30 s\/w Illustrationen<\/p>\n","protected":false},"featured_media":5062,"template":"","meta":{"_et_pb_use_builder":"","_et_pb_old_content":"","_et_gb_content_width":""},"product_brand":[],"product_cat":[58],"product_tag":[],"class_list":{"0":"post-2646","1":"product","2":"type-product","3":"status-publish","4":"has-post-thumbnail","6":"product_cat-buecher","8":"first","9":"instock","10":"taxable","11":"shipping-taxable","12":"purchasable","13":"product-type-simple"},"_links":{"self":[{"href":"https:\/\/peter-hess-muehle.de\/shop\/wp-json\/wp\/v2\/product\/2646","targetHints":{"allow":["GET"]}}],"collection":[{"href":"https:\/\/peter-hess-muehle.de\/shop\/wp-json\/wp\/v2\/product"}],"about":[{"href":"https:\/\/peter-hess-muehle.de\/shop\/wp-json\/wp\/v2\/types\/product"}],"wp:featuredmedia":[{"embeddable":true,"href":"https:\/\/peter-hess-muehle.de\/shop\/wp-json\/wp\/v2\/media\/5062"}],"wp:attachment":[{"href":"https:\/\/peter-hess-muehle.de\/shop\/wp-json\/wp\/v2\/media?parent=2646"}],"wp:term":[{"taxonomy":"product_brand","embeddable":true,"href":"https:\/\/peter-hess-muehle.de\/shop\/wp-json\/wp\/v2\/product_brand?post=2646"},{"taxonomy":"product_cat","embeddable":true,"href":"https:\/\/peter-hess-muehle.de\/shop\/wp-json\/wp\/v2\/product_cat?post=2646"},{"taxonomy":"product_tag","embeddable":true,"href":"https:\/\/peter-hess-muehle.de\/shop\/wp-json\/wp\/v2\/product_tag?post=2646"}],"curies":[{"name":"wp","href":"https:\/\/api.w.org\/{rel}","templated":true}]}}