{"id":2655,"date":"2022-01-17T20:25:09","date_gmt":"2022-01-17T19:25:09","guid":{"rendered":"https:\/\/peter-hess-muehle.de\/shop\/produkt\/buchim-land-des-klangzaubers\/"},"modified":"2022-02-18T11:05:12","modified_gmt":"2022-02-18T10:05:12","slug":"buchim-land-des-klangzaubers","status":"publish","type":"product","link":"https:\/\/peter-hess-muehle.de\/shop\/produkt\/buchim-land-des-klangzaubers\/","title":{"rendered":"Im Land des Klangzaubers"},"content":{"rendered":"<p>Im Land des Klangzaubers<\/p>\n<p>Martina Jaekl<\/p>\n<p>Wer das gro\u00dfe Gl\u00fcck hatte, als Kind von seinen Eltern mit M\u00e4rchen in das Leben begleitet zu werden, dem ist diese Art von Reisen in ferne Welten lieb und teuer geworden. Welten, die in der Fantasie lebendig sind und f\u00fcr mich immer spannend waren. Mein musischer Vater und meine pragmatische Mutter fanden den Weg, und das vergesse ich ihnen nie.<br \/>\nMit 17 Jahren begann ich Gedichte zu schreiben. Als ich den Klangschalen begegnete, sp\u00fcrte ich wie meine Geschichten, inspiriert durch die Kl\u00e4nge noch viel farbiger und lebhafter wurden.<br \/>\nH\u00e4ufig sind in meinen Geschichten und M\u00e4rchen die Protagonisten Tiere und das hat seinen ganz einfachen Grund: Die Tiere kennen nur zu gut die kleinen, menschlichen Stolpersteine. Der Leser kann sich mit den Tieren identifizieren, erkennt sich vielleicht wieder, und er sieht keinen mahnenden Zeigefinger, denn den besitzt eine weiche Pfote nicht, aber eine weite Seele und ein gro\u00dfes Herz, das uns mit auf Reisen nimmt.<\/p>\n<p>Ihre<br \/>\nMartina Jaekel<\/p>\n","protected":false},"excerpt":{"rendered":"<p>Autorin: Martina J\u00e4kel<br \/>\nVerlag Peter Hess, 2. \u00fcberarbeitete Auflage 2013<br \/>\nISBN: 978-3938263-06-8<br \/>\nPaperback, Broschur, DIN A 5, 120 Seiten, mit 20 Zeichnungen<\/p>\n","protected":false},"featured_media":5057,"template":"","meta":{"_et_pb_use_builder":"","_et_pb_old_content":"","_et_gb_content_width":""},"product_brand":[],"product_cat":[58],"product_tag":[],"class_list":{"0":"post-2655","1":"product","2":"type-product","3":"status-publish","4":"has-post-thumbnail","6":"product_cat-buecher","8":"first","9":"instock","10":"taxable","11":"shipping-taxable","12":"purchasable","13":"product-type-simple"},"_links":{"self":[{"href":"https:\/\/peter-hess-muehle.de\/shop\/wp-json\/wp\/v2\/product\/2655","targetHints":{"allow":["GET"]}}],"collection":[{"href":"https:\/\/peter-hess-muehle.de\/shop\/wp-json\/wp\/v2\/product"}],"about":[{"href":"https:\/\/peter-hess-muehle.de\/shop\/wp-json\/wp\/v2\/types\/product"}],"wp:featuredmedia":[{"embeddable":true,"href":"https:\/\/peter-hess-muehle.de\/shop\/wp-json\/wp\/v2\/media\/5057"}],"wp:attachment":[{"href":"https:\/\/peter-hess-muehle.de\/shop\/wp-json\/wp\/v2\/media?parent=2655"}],"wp:term":[{"taxonomy":"product_brand","embeddable":true,"href":"https:\/\/peter-hess-muehle.de\/shop\/wp-json\/wp\/v2\/product_brand?post=2655"},{"taxonomy":"product_cat","embeddable":true,"href":"https:\/\/peter-hess-muehle.de\/shop\/wp-json\/wp\/v2\/product_cat?post=2655"},{"taxonomy":"product_tag","embeddable":true,"href":"https:\/\/peter-hess-muehle.de\/shop\/wp-json\/wp\/v2\/product_tag?post=2655"}],"curies":[{"name":"wp","href":"https:\/\/api.w.org\/{rel}","templated":true}]}}