{"id":2835,"date":"2022-01-27T22:16:25","date_gmt":"2022-01-27T21:16:25","guid":{"rendered":"https:\/\/peter-hess-muehle.de\/shop\/produkt\/maeuse-filzpantoffel40bordeau\/"},"modified":"2023-02-11T22:48:26","modified_gmt":"2023-02-11T21:48:26","slug":"maeuse-filzpantoffel40bordeau","status":"publish","type":"product","link":"https:\/\/peter-hess-muehle.de\/shop\/produkt\/maeuse-filzpantoffel40bordeau\/","title":{"rendered":"M\u00e4use-Filzpantoffel, Gr\u00f6\u00dfe 40"},"content":{"rendered":"<p><strong>M\u00e4use-Filzpantoffel Gr\u00f6\u00dfe 40<\/strong><\/p>\n<p>Diese in Nepal handgefertigten Filzpantoffeln werden Ihre F\u00fcsse an kalten Tagen wohlig warm halten. Der Filz ist atmungsaktiv und bietet dem Fu\u00df ein angenehmes Klima und einen hohen Tragekomfort.<\/p>\n","protected":false},"excerpt":{"rendered":"<p>Gewicht : 200 g<br \/>\nGr\u00f6\u00dfe: 40<br \/>\nFarbe: bordeaux, orange, grau<\/p>\n","protected":false},"featured_media":4970,"template":"","meta":{"_et_pb_use_builder":"","_et_pb_old_content":"","_et_gb_content_width":""},"product_brand":[],"product_cat":[91],"product_tag":[],"class_list":{"0":"post-2835","1":"product","2":"type-product","3":"status-publish","4":"has-post-thumbnail","6":"product_cat-textilien","8":"first","9":"instock","10":"taxable","11":"shipping-taxable","12":"purchasable","13":"product-type-variable"},"_links":{"self":[{"href":"https:\/\/peter-hess-muehle.de\/shop\/wp-json\/wp\/v2\/product\/2835","targetHints":{"allow":["GET"]}}],"collection":[{"href":"https:\/\/peter-hess-muehle.de\/shop\/wp-json\/wp\/v2\/product"}],"about":[{"href":"https:\/\/peter-hess-muehle.de\/shop\/wp-json\/wp\/v2\/types\/product"}],"wp:featuredmedia":[{"embeddable":true,"href":"https:\/\/peter-hess-muehle.de\/shop\/wp-json\/wp\/v2\/media\/4970"}],"wp:attachment":[{"href":"https:\/\/peter-hess-muehle.de\/shop\/wp-json\/wp\/v2\/media?parent=2835"}],"wp:term":[{"taxonomy":"product_brand","embeddable":true,"href":"https:\/\/peter-hess-muehle.de\/shop\/wp-json\/wp\/v2\/product_brand?post=2835"},{"taxonomy":"product_cat","embeddable":true,"href":"https:\/\/peter-hess-muehle.de\/shop\/wp-json\/wp\/v2\/product_cat?post=2835"},{"taxonomy":"product_tag","embeddable":true,"href":"https:\/\/peter-hess-muehle.de\/shop\/wp-json\/wp\/v2\/product_tag?post=2835"}],"curies":[{"name":"wp","href":"https:\/\/api.w.org\/{rel}","templated":true}]}}