{"id":2891,"date":"2022-01-29T00:02:13","date_gmt":"2022-01-28T23:02:13","guid":{"rendered":"https:\/\/peter-hess-muehle.de\/shop\/produkt\/koerperoel-aroma-yogabenzoe\/"},"modified":"2026-02-14T12:53:25","modified_gmt":"2026-02-14T11:53:25","slug":"koerperoel-aroma-yogabenzoe","status":"publish","type":"product","link":"https:\/\/peter-hess-muehle.de\/shop\/produkt\/koerperoel-aroma-yogabenzoe\/","title":{"rendered":"K\u00f6rper\u00f6l Aroma-Yoga, Mindfulness"},"content":{"rendered":"<p><strong>Farfalla K\u00f6rper\u00f6l Aroma-Yoga, Mindfullness<\/strong><\/p>\n<div id=\"Accordions-item--0-template--pv-product-details-accordion\" class=\"accordion__item__text-wrapper is-expanded\" aria-expanded=\"true\" data-collapsible-container=\"\">\n<div class=\"accordion__item__text rte\" data-collapsible-content=\"\">\n<ul class=\"no-bullets\">\n<li>Beschreibung: Von sonnig-fruchtigen Duft begleitet, schenkt n\u00e4hrendes Bio-Jojoba\u00f6l Haut und Seele wohltuende Pflege und tiefgehende Entspannung. Duftende Streicheleinheiten beim Ein\u00f6len nach Bad oder Dusche oder eine liebevolle (Fuss-)massage helfen dabei, runterzufahren und die eigene Mitte zu finden. Auf der leicht feuchten Haut aufgetragen, zieht es schnell ein und hinterl\u00e4sst ein herrlich samtiges Hautgef\u00fchl.<\/li>\n<li>Duft: s\u00fcss, warm<\/li>\n<li>Inhalt: 75 ml<\/li>\n<li>Vegan: Ja<\/li>\n<li>Konservierung: Ja<\/li>\n<li>Zertifizierung: NaTrue Zertifizierte Biokosmetik<\/li>\n<\/ul>\n<\/div>\n<\/div>\n","protected":false},"excerpt":{"rendered":"<ul class=\"no-bullets\">\n<li>Duft: s\u00fcss, warm<\/li>\n<li>Inhalt: 75 ml<\/li>\n<li>Vegan: Ja<\/li>\n<li>Konservierung: Ja<\/li>\n<li>Zertifizierung: NaTrue Zertifizierte Biokosmetik<\/li>\n<\/ul>\n","protected":false},"featured_media":4995,"template":"","meta":{"_et_pb_use_builder":"","_et_pb_old_content":"","_et_gb_content_width":""},"product_brand":[],"product_cat":[143],"product_tag":[],"class_list":{"0":"post-2891","1":"product","2":"type-product","3":"status-publish","4":"has-post-thumbnail","6":"product_cat-duft-oele","8":"first","9":"instock","10":"taxable","11":"shipping-taxable","12":"purchasable","13":"product-type-simple"},"_links":{"self":[{"href":"https:\/\/peter-hess-muehle.de\/shop\/wp-json\/wp\/v2\/product\/2891","targetHints":{"allow":["GET"]}}],"collection":[{"href":"https:\/\/peter-hess-muehle.de\/shop\/wp-json\/wp\/v2\/product"}],"about":[{"href":"https:\/\/peter-hess-muehle.de\/shop\/wp-json\/wp\/v2\/types\/product"}],"wp:featuredmedia":[{"embeddable":true,"href":"https:\/\/peter-hess-muehle.de\/shop\/wp-json\/wp\/v2\/media\/4995"}],"wp:attachment":[{"href":"https:\/\/peter-hess-muehle.de\/shop\/wp-json\/wp\/v2\/media?parent=2891"}],"wp:term":[{"taxonomy":"product_brand","embeddable":true,"href":"https:\/\/peter-hess-muehle.de\/shop\/wp-json\/wp\/v2\/product_brand?post=2891"},{"taxonomy":"product_cat","embeddable":true,"href":"https:\/\/peter-hess-muehle.de\/shop\/wp-json\/wp\/v2\/product_cat?post=2891"},{"taxonomy":"product_tag","embeddable":true,"href":"https:\/\/peter-hess-muehle.de\/shop\/wp-json\/wp\/v2\/product_tag?post=2891"}],"curies":[{"name":"wp","href":"https:\/\/api.w.org\/{rel}","templated":true}]}}